{"id":2309,"date":"2024-01-29T13:46:40","date_gmt":"2024-01-29T13:46:40","guid":{"rendered":"https:\/\/www.l-group.ly\/agriculture\/"},"modified":"2024-09-24T16:18:23","modified_gmt":"2024-09-24T16:18:23","slug":"agriculture","status":"publish","type":"page","link":"https:\/\/www.l-group.ly\/fr\/agriculture\/","title":{"rendered":"Agriculture"},"content":{"rendered":"\t\t<div data-elementor-type=\"wp-post\" data-elementor-id=\"2309\" class=\"elementor elementor-2309\">\n\t\t\t\t\t\t\t\t\t<section class=\"elementor-section elementor-top-section elementor-element elementor-element-77a7e24 elementor-section-full_width elementor-section-stretched elementor-section-height-default elementor-section-height-default\" data-id=\"77a7e24\" data-element_type=\"section\" data-settings=\"{&quot;stretch_section&quot;:&quot;section-stretched&quot;}\">\n\t\t\t\t\t\t<div class=\"elementor-container elementor-column-gap-default\">\n\t\t\t\t\t<div class=\"aux-parallax-section elementor-column elementor-col-100 elementor-top-column elementor-element elementor-element-9f36651\" data-id=\"9f36651\" data-element_type=\"column\">\n\t\t\t<div class=\"elementor-widget-wrap elementor-element-populated\">\n\t\t\t\t\t\t\t\t<div class=\"elementor-element elementor-element-58937fd elementor-widget elementor-widget-image\" data-id=\"58937fd\" data-element_type=\"widget\" data-widget_type=\"image.default\">\n\t\t\t\t<div class=\"elementor-widget-container\">\n\t\t\t\t\t\t\t\t\t\t\t\t\t\t\t<img decoding=\"async\" src=\"https:\/\/www.l-group.ly\/wp-content\/uploads\/elementor\/thumbs\/agricu-qrdy8z2gl0isr4g540tozv33w45eh8iv0ly6zpb5pk.png\" title=\"agricu\" alt=\"agricu\" loading=\"lazy\" \/>\t\t\t\t\t\t\t\t\t\t\t\t\t\t\t<\/div>\n\t\t\t\t<\/div>\n\t\t\t\t\t<\/div>\n\t\t<\/div>\n\t\t\t\t\t\t\t<\/div>\n\t\t<\/section>\n\t\t\t\t<section class=\"elementor-section elementor-top-section elementor-element elementor-element-91e2c80 elementor-section-boxed elementor-section-height-default elementor-section-height-default\" data-id=\"91e2c80\" data-element_type=\"section\">\n\t\t\t\t\t\t<div class=\"elementor-container elementor-column-gap-default\">\n\t\t\t\t\t<div class=\"aux-parallax-section elementor-column elementor-col-100 elementor-top-column elementor-element elementor-element-bbe4d3c\" data-id=\"bbe4d3c\" data-element_type=\"column\">\n\t\t\t<div class=\"elementor-widget-wrap elementor-element-populated\">\n\t\t\t\t\t\t\t\t<div class=\"elementor-element elementor-element-8f81b6e aux-appear-watch-animation aux-fade-in-up elementor-widget elementor-widget-aux_modern_heading\" data-id=\"8f81b6e\" data-element_type=\"widget\" data-widget_type=\"aux_modern_heading.default\">\n\t\t\t\t<div class=\"elementor-widget-container\">\n\t\t\t<section class=\"aux-widget-modern-heading\">\n            <div class=\"aux-widget-inner\"><div class=\"aux-modern-heading-divider\"><\/div><h2 class=\"aux-modern-heading-primary\">Nos solutions\n<\/h2><h3 class=\"aux-modern-heading-secondary\"><span class=\"aux-head-before\">L'agriculture \u00e0 travers l'\u00e9nergie propre.<\/span><\/h3><div class=\"aux-modern-heading-description\"><p>L'agriculture \u00e0 travers l'\u00e9nergie propre implique l'adoption de sources d'\u00e9nergie durables et respectueuses de l'environnement dans les pratiques agricoles.<\/p><\/div><\/div>\n        <\/section>\t\t<\/div>\n\t\t\t\t<\/div>\n\t\t\t\t\t<\/div>\n\t\t<\/div>\n\t\t\t\t\t\t\t<\/div>\n\t\t<\/section>\n\t\t\t\t<section class=\"elementor-section elementor-top-section elementor-element elementor-element-7f41f19 elementor-section-boxed elementor-section-height-default elementor-section-height-default\" data-id=\"7f41f19\" data-element_type=\"section\">\n\t\t\t\t\t\t<div class=\"elementor-container elementor-column-gap-default\">\n\t\t\t\t\t<div class=\"aux-parallax-section elementor-column elementor-col-50 elementor-top-column elementor-element elementor-element-ae4e63b\" data-id=\"ae4e63b\" data-element_type=\"column\">\n\t\t\t<div class=\"elementor-widget-wrap elementor-element-populated\">\n\t\t\t\t\t\t\t\t<div class=\"aux-parallax-piece elementor-element elementor-element-5525117 elementor-widget elementor-widget-image\" data-parallax-origin=\"middle\" data-parallax-depth=\"0.15\" data-parallax-off=\"768\" data-id=\"5525117\" data-element_type=\"widget\" data-widget_type=\"image.default\">\n\t\t\t\t<div class=\"elementor-widget-container\">\n\t\t\t\t\t\t\t\t\t\t\t\t\t\t\t<img fetchpriority=\"high\" decoding=\"async\" width=\"580\" height=\"546\" src=\"https:\/\/www.l-group.ly\/wp-content\/uploads\/2024\/01\/pumperd.png\" class=\"attachment-large size-large wp-image-1404\" alt=\"\" srcset=\"https:\/\/www.l-group.ly\/wp-content\/uploads\/2024\/01\/pumperd.png 580w, https:\/\/www.l-group.ly\/wp-content\/uploads\/2024\/01\/pumperd-200x188.png 200w\" sizes=\"(max-width: 580px) 100vw, 580px\" \/>\t\t\t\t\t\t\t\t\t\t\t\t\t\t\t<\/div>\n\t\t\t\t<\/div>\n\t\t\t\t\t<\/div>\n\t\t<\/div>\n\t\t\t\t<div class=\"aux-parallax-section elementor-column elementor-col-50 elementor-top-column elementor-element elementor-element-de60580\" data-id=\"de60580\" data-element_type=\"column\">\n\t\t\t<div class=\"elementor-widget-wrap elementor-element-populated\">\n\t\t\t\t\t\t\t\t<section class=\"elementor-section elementor-inner-section elementor-element elementor-element-8246869 elementor-section-boxed elementor-section-height-default elementor-section-height-default\" data-id=\"8246869\" data-element_type=\"section\">\n\t\t\t\t\t\t<div class=\"elementor-container elementor-column-gap-default\">\n\t\t\t\t\t<div class=\"aux-parallax-section elementor-column elementor-col-100 elementor-inner-column elementor-element elementor-element-c37b173 aux-appear-watch-animation aux-bounce-in\" data-id=\"c37b173\" data-element_type=\"column\">\n\t\t\t<div class=\"elementor-widget-wrap elementor-element-populated\">\n\t\t\t\t\t\t\t\t<div class=\"elementor-element elementor-element-1a19dfd elementor-widget elementor-widget-heading\" data-id=\"1a19dfd\" data-element_type=\"widget\" data-widget_type=\"heading.default\">\n\t\t\t\t<div class=\"elementor-widget-container\">\n\t\t\t<h2 class=\"elementor-heading-title elementor-size-default\">Pompe immerg\u00e9e \u00e0 courant alternatif<\/h2>\t\t<\/div>\n\t\t\t\t<\/div>\n\t\t\t\t<div class=\"elementor-element elementor-element-dd22291 elementor-widget elementor-widget-text-editor\" data-id=\"dd22291\" data-element_type=\"widget\" data-widget_type=\"text-editor.default\">\n\t\t\t\t<div class=\"elementor-widget-container\">\n\t\t\t\t\t\t\t<ul><li>7,5 CH \u00e0 100 CH<\/li><li>T\u00eate nominale de 13 m \u00e0 267 m<\/li><li>D\u00e9bit nominal de 77 m3\/h \u00e0 95 m3\/h<\/li><li>RU Technologie avanc\u00e9e de pompe \u00e0 eau solaire\u00a0<\/li><li>Un moteur \u00e0 courant continu sans balais et sans entretien<\/li><li>Adapt\u00e9 \u00e0 un large fonctionnement en tension continue.<\/li><li>Protection contre les surcharges et contr\u00f4le de vitesse ajustable \u00e9lev\u00e9 du moteur.<\/li><\/ul>\t\t\t\t\t\t<\/div>\n\t\t\t\t<\/div>\n\t\t\t\t<div class=\"elementor-element elementor-element-34fae9d elementor-widget elementor-widget-heading\" data-id=\"34fae9d\" data-element_type=\"widget\" data-widget_type=\"heading.default\">\n\t\t\t\t<div class=\"elementor-widget-container\">\n\t\t\t<h2 class=\"elementor-heading-title elementor-size-default\">CC Pompe \u00e0 eau solaire<\/h2>\t\t<\/div>\n\t\t\t\t<\/div>\n\t\t\t\t<div class=\"elementor-element elementor-element-08e8d02 elementor-widget elementor-widget-text-editor\" data-id=\"08e8d02\" data-element_type=\"widget\" data-widget_type=\"text-editor.default\">\n\t\t\t\t<div class=\"elementor-widget-container\">\n\t\t\t\t\t\t\t<ul><li>De 80 watt \u00e0 1500 watt.<\/li><li>T\u00eate nominale de 28 m \u00e0 180 m.<\/li><li>D\u00e9bit nominal de 0,5 m3\/h \u00e0 36 m3\/h.<\/li><li>RU Technologie avanc\u00e9e de pompe \u00e0 eau solaire technology.<\/li><li>Moteur \u00e0 CC sans balais et sans entretien\u00a0 .<\/li><li>Adapt\u00e9 \u00e0 une large plage de tensions continues.<\/li><\/ul>\t\t\t\t\t\t<\/div>\n\t\t\t\t<\/div>\n\t\t\t\t\t<\/div>\n\t\t<\/div>\n\t\t\t\t\t\t\t<\/div>\n\t\t<\/section>\n\t\t\t\t\t<\/div>\n\t\t<\/div>\n\t\t\t\t\t\t\t<\/div>\n\t\t<\/section>\n\t\t\t\t\t\t\t<\/div>\n\t\t","protected":false},"excerpt":{"rendered":"<p>Nos solutions L&rsquo;agriculture \u00e0 travers l&rsquo;\u00e9nergie propre. L&rsquo;agriculture \u00e0 travers l&rsquo;\u00e9nergie propre implique l&rsquo;adoption de sources d&rsquo;\u00e9nergie durables et respectueuses de l&rsquo;environnement dans les pratiques agricoles. Pompe immerg\u00e9e \u00e0 courant alternatif 7,5 CH \u00e0 100 CH T\u00eate nominale de 13 m \u00e0 267 m D\u00e9bit nominal de 77 m3\/h \u00e0 95 m3\/h RU Technologie avanc\u00e9e [&hellip;]<\/p>\n","protected":false},"author":1,"featured_media":0,"parent":0,"menu_order":0,"comment_status":"closed","ping_status":"closed","template":"","meta":{"footnotes":""},"class_list":["post-2309","page","type-page","status-publish","hentry"],"yoast_head":"<!-- This site is optimized with the Yoast SEO plugin v23.4 - https:\/\/yoast.com\/wordpress\/plugins\/seo\/ -->\n<title>L&#039;\u00e9nergie solaire au service de l&#039;agriculture en Libye<\/title>\n<meta name=\"description\" content=\"Am\u00e9liorez votre productivit\u00e9 agricole gr\u00e2ce aux syst\u00e8mes d&#039;\u00e9nergie solaire en Libye. Panneaux solaires pour les fermes, l&#039;irrigation et plus encore.\" \/>\n<meta name=\"robots\" content=\"index, follow, max-snippet:-1, max-image-preview:large, max-video-preview:-1\" \/>\n<link rel=\"canonical\" href=\"https:\/\/www.l-group.ly\/fr\/agriculture\/\" \/>\n<meta property=\"og:locale\" content=\"fr_FR\" \/>\n<meta property=\"og:type\" content=\"article\" \/>\n<meta property=\"og:title\" content=\"L&#039;\u00e9nergie solaire au service de l&#039;agriculture en Libye\" \/>\n<meta property=\"og:description\" content=\"Am\u00e9liorez votre productivit\u00e9 agricole gr\u00e2ce aux syst\u00e8mes d&#039;\u00e9nergie solaire en Libye. Panneaux solaires pour les fermes, l&#039;irrigation et plus encore.\" \/>\n<meta property=\"og:url\" content=\"https:\/\/www.l-group.ly\/agriculture\/\" \/>\n<meta property=\"og:site_name\" content=\"L-Group\" \/>\n<meta property=\"article:modified_time\" content=\"2024-09-24T16:18:23+00:00\" \/>\n<meta property=\"og:image\" content=\"https:\/\/www.l-group.ly\/wp-content\/uploads\/elementor\/thumbs\/agricu-qj2jdg8rvjo2q1i7dsycia9zltkesuikjaizfw98n4.png\" \/>\n<meta name=\"twitter:card\" content=\"summary_large_image\" \/>\n<meta name=\"twitter:label1\" content=\"Dur\u00e9e de lecture estim\u00e9e\" \/>\n\t<meta name=\"twitter:data1\" content=\"2 minutes\" \/>\n<script type=\"application\/ld+json\" class=\"yoast-schema-graph\">{\"@context\":\"https:\/\/schema.org\",\"@graph\":[{\"@type\":\"WebPage\",\"@id\":\"https:\/\/www.l-group.ly\/agriculture\/\",\"url\":\"https:\/\/www.l-group.ly\/agriculture\/\",\"name\":\"L'\u00e9nergie solaire au service de l'agriculture en Libye\",\"isPartOf\":{\"@id\":\"https:\/\/www.l-group.ly\/ar\/#website\"},\"primaryImageOfPage\":{\"@id\":\"https:\/\/www.l-group.ly\/agriculture\/#primaryimage\"},\"image\":{\"@id\":\"https:\/\/www.l-group.ly\/agriculture\/#primaryimage\"},\"thumbnailUrl\":\"https:\/\/www.l-group.ly\/wp-content\/uploads\/elementor\/thumbs\/agricu-qj2jdg8rvjo2q1i7dsycia9zltkesuikjaizfw98n4.png\",\"datePublished\":\"2024-01-29T13:46:40+00:00\",\"dateModified\":\"2024-09-24T16:18:23+00:00\",\"description\":\"Am\u00e9liorez votre productivit\u00e9 agricole gr\u00e2ce aux syst\u00e8mes d'\u00e9nergie solaire en Libye. Panneaux solaires pour les fermes, l'irrigation et plus encore.\",\"breadcrumb\":{\"@id\":\"https:\/\/www.l-group.ly\/agriculture\/#breadcrumb\"},\"inLanguage\":\"fr-FR\",\"potentialAction\":[{\"@type\":\"ReadAction\",\"target\":[\"https:\/\/www.l-group.ly\/agriculture\/\"]}]},{\"@type\":\"ImageObject\",\"inLanguage\":\"fr-FR\",\"@id\":\"https:\/\/www.l-group.ly\/agriculture\/#primaryimage\",\"url\":\"https:\/\/www.l-group.ly\/wp-content\/uploads\/elementor\/thumbs\/agricu-qj2jdg8rvjo2q1i7dsycia9zltkesuikjaizfw98n4.png\",\"contentUrl\":\"https:\/\/www.l-group.ly\/wp-content\/uploads\/elementor\/thumbs\/agricu-qj2jdg8rvjo2q1i7dsycia9zltkesuikjaizfw98n4.png\"},{\"@type\":\"BreadcrumbList\",\"@id\":\"https:\/\/www.l-group.ly\/agriculture\/#breadcrumb\",\"itemListElement\":[{\"@type\":\"ListItem\",\"position\":1,\"name\":\"Home\",\"item\":\"https:\/\/www.l-group.ly\/fr\/\"},{\"@type\":\"ListItem\",\"position\":2,\"name\":\"Agriculture\"}]},{\"@type\":\"WebSite\",\"@id\":\"https:\/\/www.l-group.ly\/ar\/#website\",\"url\":\"https:\/\/www.l-group.ly\/ar\/\",\"name\":\"L-Group\",\"description\":\"Renewable Energy\",\"publisher\":{\"@id\":\"https:\/\/www.l-group.ly\/ar\/#organization\"},\"potentialAction\":[{\"@type\":\"SearchAction\",\"target\":{\"@type\":\"EntryPoint\",\"urlTemplate\":\"https:\/\/www.l-group.ly\/ar\/?s={search_term_string}\"},\"query-input\":{\"@type\":\"PropertyValueSpecification\",\"valueRequired\":true,\"valueName\":\"search_term_string\"}}],\"inLanguage\":\"fr-FR\"},{\"@type\":\"Organization\",\"@id\":\"https:\/\/www.l-group.ly\/ar\/#organization\",\"name\":\"L-Group\",\"url\":\"https:\/\/www.l-group.ly\/ar\/\",\"logo\":{\"@type\":\"ImageObject\",\"inLanguage\":\"fr-FR\",\"@id\":\"https:\/\/www.l-group.ly\/ar\/#\/schema\/logo\/image\/\",\"url\":\"https:\/\/www.l-group.ly\/wp-content\/uploads\/2024\/01\/cropped-lighting.png\",\"contentUrl\":\"https:\/\/www.l-group.ly\/wp-content\/uploads\/2024\/01\/cropped-lighting.png\",\"width\":125,\"height\":63,\"caption\":\"L-Group\"},\"image\":{\"@id\":\"https:\/\/www.l-group.ly\/ar\/#\/schema\/logo\/image\/\"}}]}<\/script>\n<!-- \/ Yoast SEO plugin. -->","yoast_head_json":{"title":"L'\u00e9nergie solaire au service de l'agriculture en Libye","description":"Am\u00e9liorez votre productivit\u00e9 agricole gr\u00e2ce aux syst\u00e8mes d'\u00e9nergie solaire en Libye. Panneaux solaires pour les fermes, l'irrigation et plus encore.","robots":{"index":"index","follow":"follow","max-snippet":"max-snippet:-1","max-image-preview":"max-image-preview:large","max-video-preview":"max-video-preview:-1"},"canonical":"https:\/\/www.l-group.ly\/fr\/agriculture\/","og_locale":"fr_FR","og_type":"article","og_title":"L'\u00e9nergie solaire au service de l'agriculture en Libye","og_description":"Am\u00e9liorez votre productivit\u00e9 agricole gr\u00e2ce aux syst\u00e8mes d'\u00e9nergie solaire en Libye. Panneaux solaires pour les fermes, l'irrigation et plus encore.","og_url":"https:\/\/www.l-group.ly\/agriculture\/","og_site_name":"L-Group","article_modified_time":"2024-09-24T16:18:23+00:00","og_image":[{"url":"https:\/\/www.l-group.ly\/wp-content\/uploads\/elementor\/thumbs\/agricu-qj2jdg8rvjo2q1i7dsycia9zltkesuikjaizfw98n4.png"}],"twitter_card":"summary_large_image","twitter_misc":{"Dur\u00e9e de lecture estim\u00e9e":"2 minutes"},"schema":{"@context":"https:\/\/schema.org","@graph":[{"@type":"WebPage","@id":"https:\/\/www.l-group.ly\/agriculture\/","url":"https:\/\/www.l-group.ly\/agriculture\/","name":"L'\u00e9nergie solaire au service de l'agriculture en Libye","isPartOf":{"@id":"https:\/\/www.l-group.ly\/ar\/#website"},"primaryImageOfPage":{"@id":"https:\/\/www.l-group.ly\/agriculture\/#primaryimage"},"image":{"@id":"https:\/\/www.l-group.ly\/agriculture\/#primaryimage"},"thumbnailUrl":"https:\/\/www.l-group.ly\/wp-content\/uploads\/elementor\/thumbs\/agricu-qj2jdg8rvjo2q1i7dsycia9zltkesuikjaizfw98n4.png","datePublished":"2024-01-29T13:46:40+00:00","dateModified":"2024-09-24T16:18:23+00:00","description":"Am\u00e9liorez votre productivit\u00e9 agricole gr\u00e2ce aux syst\u00e8mes d'\u00e9nergie solaire en Libye. Panneaux solaires pour les fermes, l'irrigation et plus encore.","breadcrumb":{"@id":"https:\/\/www.l-group.ly\/agriculture\/#breadcrumb"},"inLanguage":"fr-FR","potentialAction":[{"@type":"ReadAction","target":["https:\/\/www.l-group.ly\/agriculture\/"]}]},{"@type":"ImageObject","inLanguage":"fr-FR","@id":"https:\/\/www.l-group.ly\/agriculture\/#primaryimage","url":"https:\/\/www.l-group.ly\/wp-content\/uploads\/elementor\/thumbs\/agricu-qj2jdg8rvjo2q1i7dsycia9zltkesuikjaizfw98n4.png","contentUrl":"https:\/\/www.l-group.ly\/wp-content\/uploads\/elementor\/thumbs\/agricu-qj2jdg8rvjo2q1i7dsycia9zltkesuikjaizfw98n4.png"},{"@type":"BreadcrumbList","@id":"https:\/\/www.l-group.ly\/agriculture\/#breadcrumb","itemListElement":[{"@type":"ListItem","position":1,"name":"Home","item":"https:\/\/www.l-group.ly\/fr\/"},{"@type":"ListItem","position":2,"name":"Agriculture"}]},{"@type":"WebSite","@id":"https:\/\/www.l-group.ly\/ar\/#website","url":"https:\/\/www.l-group.ly\/ar\/","name":"L-Group","description":"Renewable Energy","publisher":{"@id":"https:\/\/www.l-group.ly\/ar\/#organization"},"potentialAction":[{"@type":"SearchAction","target":{"@type":"EntryPoint","urlTemplate":"https:\/\/www.l-group.ly\/ar\/?s={search_term_string}"},"query-input":{"@type":"PropertyValueSpecification","valueRequired":true,"valueName":"search_term_string"}}],"inLanguage":"fr-FR"},{"@type":"Organization","@id":"https:\/\/www.l-group.ly\/ar\/#organization","name":"L-Group","url":"https:\/\/www.l-group.ly\/ar\/","logo":{"@type":"ImageObject","inLanguage":"fr-FR","@id":"https:\/\/www.l-group.ly\/ar\/#\/schema\/logo\/image\/","url":"https:\/\/www.l-group.ly\/wp-content\/uploads\/2024\/01\/cropped-lighting.png","contentUrl":"https:\/\/www.l-group.ly\/wp-content\/uploads\/2024\/01\/cropped-lighting.png","width":125,"height":63,"caption":"L-Group"},"image":{"@id":"https:\/\/www.l-group.ly\/ar\/#\/schema\/logo\/image\/"}}]}},"_links":{"self":[{"href":"https:\/\/www.l-group.ly\/fr\/wp-json\/wp\/v2\/pages\/2309","targetHints":{"allow":["GET"]}}],"collection":[{"href":"https:\/\/www.l-group.ly\/fr\/wp-json\/wp\/v2\/pages"}],"about":[{"href":"https:\/\/www.l-group.ly\/fr\/wp-json\/wp\/v2\/types\/page"}],"author":[{"embeddable":true,"href":"https:\/\/www.l-group.ly\/fr\/wp-json\/wp\/v2\/users\/1"}],"replies":[{"embeddable":true,"href":"https:\/\/www.l-group.ly\/fr\/wp-json\/wp\/v2\/comments?post=2309"}],"version-history":[{"count":5,"href":"https:\/\/www.l-group.ly\/fr\/wp-json\/wp\/v2\/pages\/2309\/revisions"}],"predecessor-version":[{"id":3905,"href":"https:\/\/www.l-group.ly\/fr\/wp-json\/wp\/v2\/pages\/2309\/revisions\/3905"}],"wp:attachment":[{"href":"https:\/\/www.l-group.ly\/fr\/wp-json\/wp\/v2\/media?parent=2309"}],"curies":[{"name":"wp","href":"https:\/\/api.w.org\/{rel}","templated":true}]}}