{"id":2649,"date":"2024-02-02T10:44:04","date_gmt":"2024-02-02T10:44:04","guid":{"rendered":"https:\/\/www.l-group.ly\/request-for-a-quote\/"},"modified":"2024-02-09T11:42:42","modified_gmt":"2024-02-09T11:42:42","slug":"demande-de-devis","status":"publish","type":"page","link":"https:\/\/www.l-group.ly\/fr\/demande-de-devis\/","title":{"rendered":"Demande de devis"},"content":{"rendered":"\t\t<div data-elementor-type=\"wp-post\" data-elementor-id=\"2649\" class=\"elementor elementor-2649\">\n\t\t\t\t\t\t\t\t\t<section class=\"elementor-section elementor-top-section elementor-element elementor-element-d3add06 elementor-section-full_width elementor-section-stretched elementor-section-height-default elementor-section-height-default\" data-id=\"d3add06\" data-element_type=\"section\" data-settings=\"{&quot;stretch_section&quot;:&quot;section-stretched&quot;}\">\n\t\t\t\t\t\t<div class=\"elementor-container elementor-column-gap-default\">\n\t\t\t\t\t<div class=\"aux-parallax-section elementor-column elementor-col-100 elementor-top-column elementor-element elementor-element-56a92bc\" data-id=\"56a92bc\" data-element_type=\"column\">\n\t\t\t<div class=\"elementor-widget-wrap elementor-element-populated\">\n\t\t\t\t\t\t\t\t<div class=\"elementor-element elementor-element-6a78360 elementor-widget elementor-widget-image\" data-id=\"6a78360\" data-element_type=\"widget\" data-widget_type=\"image.default\">\n\t\t\t\t<div class=\"elementor-widget-container\">\n\t\t\t\t\t\t\t\t\t\t\t\t\t\t\t<img decoding=\"async\" src=\"https:\/\/www.l-group.ly\/wp-content\/uploads\/elementor\/thumbs\/career-qrdy8z2gl0isr4g540tozv33w45eh8iv0ly6zpb5pk.png\" title=\"career\" alt=\"career\" loading=\"lazy\" \/>\t\t\t\t\t\t\t\t\t\t\t\t\t\t\t<\/div>\n\t\t\t\t<\/div>\n\t\t\t\t\t<\/div>\n\t\t<\/div>\n\t\t\t\t\t\t\t<\/div>\n\t\t<\/section>\n\t\t\t\t<section class=\"elementor-section elementor-top-section elementor-element elementor-element-6bc3e913 elementor-reverse-tablet elementor-reverse-mobile elementor-section-boxed elementor-section-height-default elementor-section-height-default\" data-id=\"6bc3e913\" data-element_type=\"section\">\n\t\t\t\t\t\t<div class=\"elementor-container elementor-column-gap-extended\">\n\t\t\t\t\t<div class=\"aux-parallax-section elementor-column elementor-col-50 elementor-top-column elementor-element elementor-element-40e84e03\" data-id=\"40e84e03\" data-element_type=\"column\">\n\t\t\t<div class=\"elementor-widget-wrap elementor-element-populated\">\n\t\t\t\t\t\t\t\t<div class=\"elementor-element elementor-element-cc35a09 aux-appear-watch-animation aux-fade-in-up elementor-widget elementor-widget-aux_modern_heading\" data-id=\"cc35a09\" data-element_type=\"widget\" data-widget_type=\"aux_modern_heading.default\">\n\t\t\t\t<div class=\"elementor-widget-container\">\n\t\t\t<section class=\"aux-widget-modern-heading\">\n            <div class=\"aux-widget-inner\"><div class=\"aux-modern-heading-divider\"><\/div><h2 class=\"aux-modern-heading-primary\">Formulaire de demande de devis<\/h2><h3 class=\"aux-modern-heading-secondary\"><span class=\"aux-head-before\">D\u00e9marrez votre projet d\u00e8s aujourd'hui avec un devis personnalis\u00e9 adapt\u00e9 \u00e0 vos besoins !<\/span><\/h3><\/div>\n        <\/section>\t\t<\/div>\n\t\t\t\t<\/div>\n\t\t\t\t<div class=\"elementor-element elementor-element-07acb48 elementor-widget elementor-widget-aux_contact_form\" data-id=\"07acb48\" data-element_type=\"widget\" data-widget_type=\"aux_contact_form.default\">\n\t\t\t\t<div class=\"elementor-widget-container\">\n\t\t\t<section class=\"widget-container aux-widget-contact-form aux-parent-au25ef0d2f\">            <div class=\"aux-col-wrapper aux-no-gutter\">\n            <!-- @TODO - The output for element here -->\n\n            \n<div class=\"wpcf7 no-js\" id=\"wpcf7-f2565-o1\" lang=\"en-AU\" dir=\"ltr\">\n<div class=\"screen-reader-response\"><p role=\"status\" aria-live=\"polite\" aria-atomic=\"true\"><\/p> <ul><\/ul><\/div>\n<form action=\"\/fr\/wp-json\/wp\/v2\/pages\/2649#wpcf7-f2565-o1\" method=\"post\" class=\"wpcf7-form init\" aria-label=\"Contact form\" novalidate=\"novalidate\" data-status=\"init\">\n<div style=\"display: none;\">\n<input type=\"hidden\" name=\"_wpcf7\" value=\"2565\" \/>\n<input type=\"hidden\" name=\"_wpcf7_version\" value=\"5.8.5\" \/>\n<input type=\"hidden\" name=\"_wpcf7_locale\" value=\"en_AU\" \/>\n<input type=\"hidden\" name=\"_wpcf7_unit_tag\" value=\"wpcf7-f2565-o1\" \/>\n<input type=\"hidden\" name=\"_wpcf7_container_post\" value=\"0\" \/>\n<input type=\"hidden\" name=\"_wpcf7_posted_data_hash\" value=\"\" \/>\n<\/div>\n<p><label> Votre nom<br \/>\n<span class=\"wpcf7-form-control-wrap\" data-name=\"your-name\"><input size=\"40\" class=\"wpcf7-form-control wpcf7-text wpcf7-validates-as-required\" autocomplete=\"name\" aria-required=\"true\" aria-invalid=\"false\" value=\"\" type=\"text\" name=\"your-name\" \/><\/span> <\/label>\n<\/p>\n<p><label> Votre email<br \/>\n<span class=\"wpcf7-form-control-wrap\" data-name=\"your-email\"><input size=\"40\" class=\"wpcf7-form-control wpcf7-email wpcf7-validates-as-required wpcf7-text wpcf7-validates-as-email\" autocomplete=\"email\" aria-required=\"true\" aria-invalid=\"false\" value=\"\" type=\"email\" name=\"your-email\" \/><\/span> <\/label>\n<\/p>\n<p><label> Choisir un produit<br \/>\n<span class=\"wpcf7-form-control-wrap\" data-name=\"checkbox-195\"><span class=\"wpcf7-form-control wpcf7-checkbox\"><span class=\"wpcf7-list-item first\"><label><input type=\"checkbox\" name=\"checkbox-195[]\" value=\"Pompe de puits profond AC\" \/><span class=\"wpcf7-list-item-label\">Pompe de puits profond AC<\/span><\/label><\/span><span class=\"wpcf7-list-item\"><label><input type=\"checkbox\" name=\"checkbox-195[]\" value=\"Pompe submersible DC\" \/><span class=\"wpcf7-list-item-label\">Pompe submersible DC<\/span><\/label><\/span><span class=\"wpcf7-list-item\"><label><input type=\"checkbox\" name=\"checkbox-195[]\" value=\"Chauffages solaires\" \/><span class=\"wpcf7-list-item-label\">Chauffages solaires<\/span><\/label><\/span><span class=\"wpcf7-list-item\"><label><input type=\"checkbox\" name=\"checkbox-195[]\" value=\"S\u00c9RIE V9C\" \/><span class=\"wpcf7-list-item-label\">S\u00c9RIE V9C<\/span><\/label><\/span><span class=\"wpcf7-list-item\"><label><input type=\"checkbox\" name=\"checkbox-195[]\" value=\"Demi-cellule monocristalline 400 watts\" \/><span class=\"wpcf7-list-item-label\">Demi-cellule monocristalline 400 watts<\/span><\/label><\/span><span class=\"wpcf7-list-item last\"><label><input type=\"checkbox\" name=\"checkbox-195[]\" value=\"Monocristallin (550 W)\" \/><span class=\"wpcf7-list-item-label\">Monocristallin (550 W)<\/span><\/label><\/span><\/span><\/span><\/label>\n<\/p>\n<p><label> description du besoin<br \/>\n<span class=\"wpcf7-form-control-wrap\" data-name=\"your-message\"><textarea cols=\"40\" rows=\"10\" class=\"wpcf7-form-control wpcf7-textarea\" aria-invalid=\"false\" name=\"your-message\"><\/textarea><\/span> <\/label>\n<\/p>\n<p><input class=\"wpcf7-form-control wpcf7-submit has-spinner\" type=\"submit\" value=\"Envoyer\" \/>\n<\/p><div class=\"wpcf7-response-output\" aria-hidden=\"true\"><\/div>\n<\/form>\n<\/div>\n\n\n            <\/div><!-- aux-col-wrapper -->\n    <\/section><!-- widget-container -->\t\t<\/div>\n\t\t\t\t<\/div>\n\t\t\t\t\t<\/div>\n\t\t<\/div>\n\t\t\t\t<div class=\"aux-parallax-section elementor-column elementor-col-50 elementor-top-column elementor-element elementor-element-46190e52\" data-id=\"46190e52\" data-element_type=\"column\">\n\t\t\t<div class=\"elementor-widget-wrap elementor-element-populated\">\n\t\t\t\t\t\t\t\t<div class=\"aux-scroll-anim elementor-element elementor-element-46e6797 elementor-widget elementor-widget-image\" data-move-in=\"\" data-move-out=\"\" data-axis-x=\"200\" data-axis-y=\"200\" data-rotate=\"90\" data-scale=\"1\" data-vp-top=\"0.5\" data-vp-bot=\"0.5\" data-el-top=\"0.2\" data-scroll-animation-off=\"1024\" data-id=\"46e6797\" data-element_type=\"widget\" data-widget_type=\"image.default\">\n\t\t\t\t<div class=\"elementor-widget-container\">\n\t\t\t\t\t\t\t\t\t\t\t\t\t\t\t<img fetchpriority=\"high\" decoding=\"async\" width=\"687\" height=\"687\" src=\"https:\/\/www.l-group.ly\/wp-content\/uploads\/2024\/02\/devf.png\" class=\"attachment-full size-full wp-image-3444\" alt=\"\" srcset=\"https:\/\/www.l-group.ly\/wp-content\/uploads\/2024\/02\/devf.png 687w, https:\/\/www.l-group.ly\/wp-content\/uploads\/2024\/02\/devf-300x300.png 300w, https:\/\/www.l-group.ly\/wp-content\/uploads\/2024\/02\/devf-150x150.png 150w, https:\/\/www.l-group.ly\/wp-content\/uploads\/2024\/02\/devf-200x200.png 200w, https:\/\/www.l-group.ly\/wp-content\/uploads\/2024\/02\/devf-600x600.png 600w, https:\/\/www.l-group.ly\/wp-content\/uploads\/2024\/02\/devf-100x100.png 100w\" sizes=\"(max-width: 687px) 100vw, 687px\" \/>\t\t\t\t\t\t\t\t\t\t\t\t\t\t\t<\/div>\n\t\t\t\t<\/div>\n\t\t\t\t\t<\/div>\n\t\t<\/div>\n\t\t\t\t\t\t\t<\/div>\n\t\t<\/section>\n\t\t\t\t\t\t\t<\/div>\n\t\t","protected":false},"excerpt":{"rendered":"<p>Formulaire de demande de devis D\u00e9marrez votre projet d\u00e8s aujourd&rsquo;hui avec un devis personnalis\u00e9 adapt\u00e9 \u00e0 vos besoins ! Votre nom Votre email Choisir un produit Pompe de puits profond ACPompe submersible DCChauffages solairesS\u00c9RIE V9CDemi-cellule monocristalline 400 wattsMonocristallin (550 W) description du besoin<\/p>\n","protected":false},"author":1,"featured_media":2334,"parent":0,"menu_order":0,"comment_status":"closed","ping_status":"closed","template":"","meta":{"footnotes":""},"class_list":["post-2649","page","type-page","status-publish","has-post-thumbnail","hentry"],"yoast_head":"<!-- This site is optimized with the Yoast SEO plugin v23.4 - https:\/\/yoast.com\/wordpress\/plugins\/seo\/ -->\n<title>Demande de devis | L-Group<\/title>\n<meta name=\"description\" content=\"Formulaire de demande de devisD\u00e9marrez votre projet d\u00e8s aujourd&#039;hui avec un devis personnalis\u00e9 adapt\u00e9 \u00e0 vos besoins ! Votre nom Votre email Choisir un\" \/>\n<meta name=\"robots\" content=\"index, follow, max-snippet:-1, max-image-preview:large, max-video-preview:-1\" \/>\n<link rel=\"canonical\" href=\"https:\/\/www.l-group.ly\/fr\/request-for-a-quote\/\" \/>\n<meta property=\"og:locale\" content=\"fr_FR\" \/>\n<meta property=\"og:type\" content=\"article\" \/>\n<meta property=\"og:title\" content=\"Demande de devis | L-Group\" \/>\n<meta property=\"og:description\" content=\"Formulaire de demande de devisD\u00e9marrez votre projet d\u00e8s aujourd&#039;hui avec un devis personnalis\u00e9 adapt\u00e9 \u00e0 vos besoins ! Votre nom Votre email Choisir un\" \/>\n<meta property=\"og:url\" content=\"https:\/\/www.l-group.ly\/request-for-a-quote\/\" \/>\n<meta property=\"og:site_name\" content=\"L-Group\" \/>\n<meta property=\"article:modified_time\" content=\"2024-02-09T11:42:42+00:00\" \/>\n<meta property=\"og:image\" content=\"https:\/\/www.l-group.ly\/wp-content\/uploads\/2024\/01\/bg.png\" \/>\n\t<meta property=\"og:image:width\" content=\"1920\" \/>\n\t<meta property=\"og:image:height\" content=\"650\" \/>\n\t<meta property=\"og:image:type\" content=\"image\/png\" \/>\n<meta name=\"twitter:card\" content=\"summary_large_image\" \/>\n<script type=\"application\/ld+json\" class=\"yoast-schema-graph\">{\"@context\":\"https:\/\/schema.org\",\"@graph\":[{\"@type\":\"WebPage\",\"@id\":\"https:\/\/www.l-group.ly\/request-for-a-quote\/\",\"url\":\"https:\/\/www.l-group.ly\/request-for-a-quote\/\",\"name\":\"Demande de devis | L-Group\",\"isPartOf\":{\"@id\":\"https:\/\/www.l-group.ly\/ar\/#website\"},\"primaryImageOfPage\":{\"@id\":\"https:\/\/www.l-group.ly\/request-for-a-quote\/#primaryimage\"},\"image\":{\"@id\":\"https:\/\/www.l-group.ly\/request-for-a-quote\/#primaryimage\"},\"thumbnailUrl\":\"https:\/\/www.l-group.ly\/wp-content\/uploads\/2024\/01\/bg.png\",\"datePublished\":\"2024-02-02T10:44:04+00:00\",\"dateModified\":\"2024-02-09T11:42:42+00:00\",\"description\":\"Formulaire de demande de devisD\u00e9marrez votre projet d\u00e8s aujourd'hui avec un devis personnalis\u00e9 adapt\u00e9 \u00e0 vos besoins ! Votre nom Votre email Choisir un\",\"breadcrumb\":{\"@id\":\"https:\/\/www.l-group.ly\/request-for-a-quote\/#breadcrumb\"},\"inLanguage\":\"fr-FR\",\"potentialAction\":[{\"@type\":\"ReadAction\",\"target\":[\"https:\/\/www.l-group.ly\/request-for-a-quote\/\"]}]},{\"@type\":\"ImageObject\",\"inLanguage\":\"fr-FR\",\"@id\":\"https:\/\/www.l-group.ly\/request-for-a-quote\/#primaryimage\",\"url\":\"https:\/\/www.l-group.ly\/wp-content\/uploads\/2024\/01\/bg.png\",\"contentUrl\":\"https:\/\/www.l-group.ly\/wp-content\/uploads\/2024\/01\/bg.png\",\"width\":1920,\"height\":650},{\"@type\":\"BreadcrumbList\",\"@id\":\"https:\/\/www.l-group.ly\/request-for-a-quote\/#breadcrumb\",\"itemListElement\":[{\"@type\":\"ListItem\",\"position\":1,\"name\":\"Home\",\"item\":\"https:\/\/www.l-group.ly\/fr\/\"},{\"@type\":\"ListItem\",\"position\":2,\"name\":\"Demande de devis\"}]},{\"@type\":\"WebSite\",\"@id\":\"https:\/\/www.l-group.ly\/ar\/#website\",\"url\":\"https:\/\/www.l-group.ly\/ar\/\",\"name\":\"L-Group\",\"description\":\"Renewable Energy\",\"publisher\":{\"@id\":\"https:\/\/www.l-group.ly\/ar\/#organization\"},\"potentialAction\":[{\"@type\":\"SearchAction\",\"target\":{\"@type\":\"EntryPoint\",\"urlTemplate\":\"https:\/\/www.l-group.ly\/ar\/?s={search_term_string}\"},\"query-input\":{\"@type\":\"PropertyValueSpecification\",\"valueRequired\":true,\"valueName\":\"search_term_string\"}}],\"inLanguage\":\"fr-FR\"},{\"@type\":\"Organization\",\"@id\":\"https:\/\/www.l-group.ly\/ar\/#organization\",\"name\":\"L-Group\",\"url\":\"https:\/\/www.l-group.ly\/ar\/\",\"logo\":{\"@type\":\"ImageObject\",\"inLanguage\":\"fr-FR\",\"@id\":\"https:\/\/www.l-group.ly\/ar\/#\/schema\/logo\/image\/\",\"url\":\"https:\/\/www.l-group.ly\/wp-content\/uploads\/2024\/01\/cropped-lighting.png\",\"contentUrl\":\"https:\/\/www.l-group.ly\/wp-content\/uploads\/2024\/01\/cropped-lighting.png\",\"width\":125,\"height\":63,\"caption\":\"L-Group\"},\"image\":{\"@id\":\"https:\/\/www.l-group.ly\/ar\/#\/schema\/logo\/image\/\"}}]}<\/script>\n<!-- \/ Yoast SEO plugin. -->","yoast_head_json":{"title":"Demande de devis | L-Group","description":"Formulaire de demande de devisD\u00e9marrez votre projet d\u00e8s aujourd'hui avec un devis personnalis\u00e9 adapt\u00e9 \u00e0 vos besoins ! Votre nom Votre email Choisir un","robots":{"index":"index","follow":"follow","max-snippet":"max-snippet:-1","max-image-preview":"max-image-preview:large","max-video-preview":"max-video-preview:-1"},"canonical":"https:\/\/www.l-group.ly\/fr\/request-for-a-quote\/","og_locale":"fr_FR","og_type":"article","og_title":"Demande de devis | L-Group","og_description":"Formulaire de demande de devisD\u00e9marrez votre projet d\u00e8s aujourd'hui avec un devis personnalis\u00e9 adapt\u00e9 \u00e0 vos besoins ! Votre nom Votre email Choisir un","og_url":"https:\/\/www.l-group.ly\/request-for-a-quote\/","og_site_name":"L-Group","article_modified_time":"2024-02-09T11:42:42+00:00","og_image":[{"width":1920,"height":650,"url":"https:\/\/www.l-group.ly\/wp-content\/uploads\/2024\/01\/bg.png","type":"image\/png"}],"twitter_card":"summary_large_image","schema":{"@context":"https:\/\/schema.org","@graph":[{"@type":"WebPage","@id":"https:\/\/www.l-group.ly\/request-for-a-quote\/","url":"https:\/\/www.l-group.ly\/request-for-a-quote\/","name":"Demande de devis | L-Group","isPartOf":{"@id":"https:\/\/www.l-group.ly\/ar\/#website"},"primaryImageOfPage":{"@id":"https:\/\/www.l-group.ly\/request-for-a-quote\/#primaryimage"},"image":{"@id":"https:\/\/www.l-group.ly\/request-for-a-quote\/#primaryimage"},"thumbnailUrl":"https:\/\/www.l-group.ly\/wp-content\/uploads\/2024\/01\/bg.png","datePublished":"2024-02-02T10:44:04+00:00","dateModified":"2024-02-09T11:42:42+00:00","description":"Formulaire de demande de devisD\u00e9marrez votre projet d\u00e8s aujourd'hui avec un devis personnalis\u00e9 adapt\u00e9 \u00e0 vos besoins ! Votre nom Votre email Choisir un","breadcrumb":{"@id":"https:\/\/www.l-group.ly\/request-for-a-quote\/#breadcrumb"},"inLanguage":"fr-FR","potentialAction":[{"@type":"ReadAction","target":["https:\/\/www.l-group.ly\/request-for-a-quote\/"]}]},{"@type":"ImageObject","inLanguage":"fr-FR","@id":"https:\/\/www.l-group.ly\/request-for-a-quote\/#primaryimage","url":"https:\/\/www.l-group.ly\/wp-content\/uploads\/2024\/01\/bg.png","contentUrl":"https:\/\/www.l-group.ly\/wp-content\/uploads\/2024\/01\/bg.png","width":1920,"height":650},{"@type":"BreadcrumbList","@id":"https:\/\/www.l-group.ly\/request-for-a-quote\/#breadcrumb","itemListElement":[{"@type":"ListItem","position":1,"name":"Home","item":"https:\/\/www.l-group.ly\/fr\/"},{"@type":"ListItem","position":2,"name":"Demande de devis"}]},{"@type":"WebSite","@id":"https:\/\/www.l-group.ly\/ar\/#website","url":"https:\/\/www.l-group.ly\/ar\/","name":"L-Group","description":"Renewable Energy","publisher":{"@id":"https:\/\/www.l-group.ly\/ar\/#organization"},"potentialAction":[{"@type":"SearchAction","target":{"@type":"EntryPoint","urlTemplate":"https:\/\/www.l-group.ly\/ar\/?s={search_term_string}"},"query-input":{"@type":"PropertyValueSpecification","valueRequired":true,"valueName":"search_term_string"}}],"inLanguage":"fr-FR"},{"@type":"Organization","@id":"https:\/\/www.l-group.ly\/ar\/#organization","name":"L-Group","url":"https:\/\/www.l-group.ly\/ar\/","logo":{"@type":"ImageObject","inLanguage":"fr-FR","@id":"https:\/\/www.l-group.ly\/ar\/#\/schema\/logo\/image\/","url":"https:\/\/www.l-group.ly\/wp-content\/uploads\/2024\/01\/cropped-lighting.png","contentUrl":"https:\/\/www.l-group.ly\/wp-content\/uploads\/2024\/01\/cropped-lighting.png","width":125,"height":63,"caption":"L-Group"},"image":{"@id":"https:\/\/www.l-group.ly\/ar\/#\/schema\/logo\/image\/"}}]}},"_links":{"self":[{"href":"https:\/\/www.l-group.ly\/fr\/wp-json\/wp\/v2\/pages\/2649","targetHints":{"allow":["GET"]}}],"collection":[{"href":"https:\/\/www.l-group.ly\/fr\/wp-json\/wp\/v2\/pages"}],"about":[{"href":"https:\/\/www.l-group.ly\/fr\/wp-json\/wp\/v2\/types\/page"}],"author":[{"embeddable":true,"href":"https:\/\/www.l-group.ly\/fr\/wp-json\/wp\/v2\/users\/1"}],"replies":[{"embeddable":true,"href":"https:\/\/www.l-group.ly\/fr\/wp-json\/wp\/v2\/comments?post=2649"}],"version-history":[{"count":7,"href":"https:\/\/www.l-group.ly\/fr\/wp-json\/wp\/v2\/pages\/2649\/revisions"}],"predecessor-version":[{"id":3453,"href":"https:\/\/www.l-group.ly\/fr\/wp-json\/wp\/v2\/pages\/2649\/revisions\/3453"}],"wp:featuredmedia":[{"embeddable":true,"href":"https:\/\/www.l-group.ly\/fr\/wp-json\/wp\/v2\/media\/2334"}],"wp:attachment":[{"href":"https:\/\/www.l-group.ly\/fr\/wp-json\/wp\/v2\/media?parent=2649"}],"curies":[{"name":"wp","href":"https:\/\/api.w.org\/{rel}","templated":true}]}}