{"id":2666,"date":"2024-01-29T10:22:31","date_gmt":"2024-01-29T10:22:31","guid":{"rendered":"https:\/\/www.l-group.ly\/solar-water-heaters\/"},"modified":"2024-09-24T16:32:31","modified_gmt":"2024-09-24T16:32:31","slug":"chauffe-eau-solaires","status":"publish","type":"page","link":"https:\/\/www.l-group.ly\/fr\/chauffe-eau-solaires\/","title":{"rendered":"Chauffe-eau solaires"},"content":{"rendered":"\t\t<div data-elementor-type=\"wp-page\" data-elementor-id=\"2666\" class=\"elementor elementor-2666\">\n\t\t\t\t\t\t\t\t\t<section class=\"elementor-section elementor-top-section elementor-element elementor-element-85e7a93 elementor-section-full_width elementor-section-stretched elementor-section-height-default elementor-section-height-default\" data-id=\"85e7a93\" data-element_type=\"section\" data-settings=\"{&quot;stretch_section&quot;:&quot;section-stretched&quot;}\">\n\t\t\t\t\t\t<div class=\"elementor-container elementor-column-gap-default\">\n\t\t\t\t\t<div class=\"aux-parallax-section elementor-column elementor-col-100 elementor-top-column elementor-element elementor-element-d8162c8\" data-id=\"d8162c8\" data-element_type=\"column\">\n\t\t\t<div class=\"elementor-widget-wrap elementor-element-populated\">\n\t\t\t\t\t\t\t\t<div class=\"elementor-element elementor-element-e386ac1 elementor-widget elementor-widget-image\" data-id=\"e386ac1\" data-element_type=\"widget\" data-widget_type=\"image.default\">\n\t\t\t\t<div class=\"elementor-widget-container\">\n\t\t\t\t\t\t\t\t\t\t\t\t\t\t\t<img decoding=\"async\" src=\"https:\/\/www.l-group.ly\/wp-content\/uploads\/elementor\/thumbs\/solar-heater10-qrdy8z2gl0isr4g540tozv33w45eh8iv0ly6zpb5pk.png\" title=\"solar-heater10\" alt=\"solar-heater10\" loading=\"lazy\" \/>\t\t\t\t\t\t\t\t\t\t\t\t\t\t\t<\/div>\n\t\t\t\t<\/div>\n\t\t\t\t\t<\/div>\n\t\t<\/div>\n\t\t\t\t\t\t\t<\/div>\n\t\t<\/section>\n\t\t\t\t<section class=\"elementor-section elementor-top-section elementor-element elementor-element-9a551cd elementor-section-full_width elementor-section-stretched elementor-section-height-default elementor-section-height-default\" data-id=\"9a551cd\" data-element_type=\"section\" data-settings=\"{&quot;stretch_section&quot;:&quot;section-stretched&quot;}\">\n\t\t\t\t\t\t<div class=\"elementor-container elementor-column-gap-default\">\n\t\t\t\t\t<div class=\"aux-parallax-section elementor-column elementor-col-100 elementor-top-column elementor-element elementor-element-18f27d0\" data-id=\"18f27d0\" data-element_type=\"column\">\n\t\t\t<div class=\"elementor-widget-wrap elementor-element-populated\">\n\t\t\t\t\t\t\t\t<div class=\"elementor-element elementor-element-c20859c aux-appear-watch-animation aux-fade-in-up elementor-widget elementor-widget-aux_modern_heading\" data-id=\"c20859c\" data-element_type=\"widget\" data-widget_type=\"aux_modern_heading.default\">\n\t\t\t\t<div class=\"elementor-widget-container\">\n\t\t\t<section class=\"aux-widget-modern-heading\">\n            <div class=\"aux-widget-inner\"><div class=\"aux-modern-heading-divider\"><\/div><h2 class=\"aux-modern-heading-primary\">Nos produits<\/h2><h3 class=\"aux-modern-heading-secondary\"><span class=\"aux-head-before\">Chauffe-eau solaires<\/span><\/h3><\/div>\n        <\/section>\t\t<\/div>\n\t\t\t\t<\/div>\n\t\t\t\t\t<\/div>\n\t\t<\/div>\n\t\t\t\t\t\t\t<\/div>\n\t\t<\/section>\n\t\t\t\t<section class=\"elementor-section elementor-top-section elementor-element elementor-element-ce7b6c0 elementor-section-boxed elementor-section-height-default elementor-section-height-default\" data-id=\"ce7b6c0\" data-element_type=\"section\">\n\t\t\t\t\t\t<div class=\"elementor-container elementor-column-gap-default\">\n\t\t\t\t\t<div class=\"aux-parallax-section elementor-column elementor-col-100 elementor-top-column elementor-element elementor-element-6132977\" data-id=\"6132977\" data-element_type=\"column\">\n\t\t\t<div class=\"elementor-widget-wrap elementor-element-populated\">\n\t\t\t\t\t\t\t\t<div class=\"elementor-element elementor-element-eb9a11b elementor-widget elementor-widget-aux_product_grid\" data-id=\"eb9a11b\" data-element_type=\"widget\" data-settings=\"{&quot;columns&quot;:&quot;4&quot;}\" data-widget_type=\"aux_product_grid.default\">\n\t\t\t\t<div class=\"elementor-widget-container\">\n\t\t\t<div class='woocommerce woocommerce-page aux-shop-archive'><ul class=\"products columns-4\">\n<li class=\"product type-product post-2434 status-publish first instock product_cat-solar-water-heaters-fr has-post-thumbnail shipping-taxable product-type-simple aux-remove-view-cart\">\n\t<a href=\"https:\/\/www.l-group.ly\/fr\/product\/solar-heaters\/\" class=\"woocommerce-LoopProduct-link woocommerce-loop-product__link\"><img fetchpriority=\"high\" decoding=\"async\" width=\"300\" height=\"300\" src=\"https:\/\/www.l-group.ly\/wp-content\/uploads\/2024\/01\/Climacento-solar-Nairobi-Flat-Panel-Siolar-Water-Heater-297646122-300x300.jpg\" class=\"attachment-woocommerce_thumbnail size-woocommerce_thumbnail\" alt=\"\" srcset=\"https:\/\/www.l-group.ly\/wp-content\/uploads\/2024\/01\/Climacento-solar-Nairobi-Flat-Panel-Siolar-Water-Heater-297646122-300x300.jpg 300w, https:\/\/www.l-group.ly\/wp-content\/uploads\/2024\/01\/Climacento-solar-Nairobi-Flat-Panel-Siolar-Water-Heater-297646122-1024x1024.jpg 1024w, https:\/\/www.l-group.ly\/wp-content\/uploads\/2024\/01\/Climacento-solar-Nairobi-Flat-Panel-Siolar-Water-Heater-297646122-150x150.jpg 150w, https:\/\/www.l-group.ly\/wp-content\/uploads\/2024\/01\/Climacento-solar-Nairobi-Flat-Panel-Siolar-Water-Heater-297646122-768x768.jpg 768w, https:\/\/www.l-group.ly\/wp-content\/uploads\/2024\/01\/Climacento-solar-Nairobi-Flat-Panel-Siolar-Water-Heater-297646122-100x100.jpg 100w\" sizes=\"(max-width: 300px) 100vw, 300px\" \/><a href=\"https:\/\/www.l-group.ly\/fr\/product\/solar-heaters\/\"><h2 class=\"woocommerce-loop-product__title\">Chauffe-eau solaires<\/h2><\/a>\n<\/a><a href=\"https:\/\/www.l-group.ly\/fr\/product\/solar-heaters\/\" data-quantity=\"1\" class=\"button aux-ajax-add-to-cart product_type_simple\" data-product_id=\"2434\" data-product_sku=\"\" aria-label=\"Read more about &ldquo;Chauffe-eau solaires&rdquo;\" aria-describedby=\"\" rel=\"nofollow\" data-product-type=\"simple\" data-verify_nonce=\"3c05d39282\">Read more<\/a><\/li>\n<\/ul>\n<\/div>\t\t<\/div>\n\t\t\t\t<\/div>\n\t\t\t\t\t<\/div>\n\t\t<\/div>\n\t\t\t\t\t\t\t<\/div>\n\t\t<\/section>\n\t\t\t\t\t\t\t<\/div>\n\t\t","protected":false},"excerpt":{"rendered":"<p>Nos produits Chauffe-eau solaires Chauffe-eau solaires &nbsp; Read more<\/p>\n","protected":false},"author":1,"featured_media":0,"parent":0,"menu_order":0,"comment_status":"closed","ping_status":"closed","template":"","meta":{"footnotes":""},"class_list":["post-2666","page","type-page","status-publish","hentry"],"yoast_head":"<!-- This site is optimized with the Yoast SEO plugin v23.4 - https:\/\/yoast.com\/wordpress\/plugins\/seo\/ -->\n<title>Chauffe-eau solaires en Libye | Solutions durables<\/title>\n<meta name=\"description\" content=\"Chauffe-eau solaires \u00e0 haut rendement \u00e9nerg\u00e9tique en Libye. R\u00e9duire les co\u00fbts \u00e9nerg\u00e9tiques gr\u00e2ce \u00e0 l&#039;\u00e9nergie solaire renouvelable.\" \/>\n<meta name=\"robots\" content=\"index, follow, max-snippet:-1, max-image-preview:large, max-video-preview:-1\" \/>\n<link rel=\"canonical\" href=\"https:\/\/www.l-group.ly\/fr\/solar-water-heaters\/\" \/>\n<meta property=\"og:locale\" content=\"fr_FR\" \/>\n<meta property=\"og:type\" content=\"article\" \/>\n<meta property=\"og:title\" content=\"Chauffe-eau solaires en Libye | Solutions durables\" \/>\n<meta property=\"og:description\" content=\"Chauffe-eau solaires \u00e0 haut rendement \u00e9nerg\u00e9tique en Libye. R\u00e9duire les co\u00fbts \u00e9nerg\u00e9tiques gr\u00e2ce \u00e0 l&#039;\u00e9nergie solaire renouvelable.\" \/>\n<meta property=\"og:url\" content=\"https:\/\/www.l-group.ly\/solar-water-heaters\/\" \/>\n<meta property=\"og:site_name\" content=\"L-Group\" \/>\n<meta property=\"article:modified_time\" content=\"2024-09-24T16:32:31+00:00\" \/>\n<meta property=\"og:image\" content=\"https:\/\/www.l-group.ly\/wp-content\/uploads\/elementor\/thumbs\/solar-heater10-qj2o3k3ap6j5tkez2u0r8uy1r54qswttl8rd1m1clc.png\" \/>\n<meta name=\"twitter:card\" content=\"summary_large_image\" \/>\n<meta name=\"twitter:label1\" content=\"Dur\u00e9e de lecture estim\u00e9e\" \/>\n\t<meta name=\"twitter:data1\" content=\"1 minute\" \/>\n<script type=\"application\/ld+json\" class=\"yoast-schema-graph\">{\"@context\":\"https:\/\/schema.org\",\"@graph\":[{\"@type\":\"WebPage\",\"@id\":\"https:\/\/www.l-group.ly\/solar-water-heaters\/\",\"url\":\"https:\/\/www.l-group.ly\/solar-water-heaters\/\",\"name\":\"Chauffe-eau solaires en Libye | Solutions durables\",\"isPartOf\":{\"@id\":\"https:\/\/www.l-group.ly\/ar\/#website\"},\"primaryImageOfPage\":{\"@id\":\"https:\/\/www.l-group.ly\/solar-water-heaters\/#primaryimage\"},\"image\":{\"@id\":\"https:\/\/www.l-group.ly\/solar-water-heaters\/#primaryimage\"},\"thumbnailUrl\":\"https:\/\/www.l-group.ly\/wp-content\/uploads\/elementor\/thumbs\/solar-heater10-qj2o3k3ap6j5tkez2u0r8uy1r54qswttl8rd1m1clc.png\",\"datePublished\":\"2024-01-29T10:22:31+00:00\",\"dateModified\":\"2024-09-24T16:32:31+00:00\",\"description\":\"Chauffe-eau solaires \u00e0 haut rendement \u00e9nerg\u00e9tique en Libye. R\u00e9duire les co\u00fbts \u00e9nerg\u00e9tiques gr\u00e2ce \u00e0 l'\u00e9nergie solaire renouvelable.\",\"breadcrumb\":{\"@id\":\"https:\/\/www.l-group.ly\/solar-water-heaters\/#breadcrumb\"},\"inLanguage\":\"fr-FR\",\"potentialAction\":[{\"@type\":\"ReadAction\",\"target\":[\"https:\/\/www.l-group.ly\/solar-water-heaters\/\"]}]},{\"@type\":\"ImageObject\",\"inLanguage\":\"fr-FR\",\"@id\":\"https:\/\/www.l-group.ly\/solar-water-heaters\/#primaryimage\",\"url\":\"https:\/\/www.l-group.ly\/wp-content\/uploads\/elementor\/thumbs\/solar-heater10-qj2o3k3ap6j5tkez2u0r8uy1r54qswttl8rd1m1clc.png\",\"contentUrl\":\"https:\/\/www.l-group.ly\/wp-content\/uploads\/elementor\/thumbs\/solar-heater10-qj2o3k3ap6j5tkez2u0r8uy1r54qswttl8rd1m1clc.png\"},{\"@type\":\"BreadcrumbList\",\"@id\":\"https:\/\/www.l-group.ly\/solar-water-heaters\/#breadcrumb\",\"itemListElement\":[{\"@type\":\"ListItem\",\"position\":1,\"name\":\"Home\",\"item\":\"https:\/\/www.l-group.ly\/fr\/\"},{\"@type\":\"ListItem\",\"position\":2,\"name\":\"Chauffe-eau solaires\"}]},{\"@type\":\"WebSite\",\"@id\":\"https:\/\/www.l-group.ly\/ar\/#website\",\"url\":\"https:\/\/www.l-group.ly\/ar\/\",\"name\":\"L-Group\",\"description\":\"Renewable Energy\",\"publisher\":{\"@id\":\"https:\/\/www.l-group.ly\/ar\/#organization\"},\"potentialAction\":[{\"@type\":\"SearchAction\",\"target\":{\"@type\":\"EntryPoint\",\"urlTemplate\":\"https:\/\/www.l-group.ly\/ar\/?s={search_term_string}\"},\"query-input\":{\"@type\":\"PropertyValueSpecification\",\"valueRequired\":true,\"valueName\":\"search_term_string\"}}],\"inLanguage\":\"fr-FR\"},{\"@type\":\"Organization\",\"@id\":\"https:\/\/www.l-group.ly\/ar\/#organization\",\"name\":\"L-Group\",\"url\":\"https:\/\/www.l-group.ly\/ar\/\",\"logo\":{\"@type\":\"ImageObject\",\"inLanguage\":\"fr-FR\",\"@id\":\"https:\/\/www.l-group.ly\/ar\/#\/schema\/logo\/image\/\",\"url\":\"https:\/\/www.l-group.ly\/wp-content\/uploads\/2024\/01\/cropped-lighting.png\",\"contentUrl\":\"https:\/\/www.l-group.ly\/wp-content\/uploads\/2024\/01\/cropped-lighting.png\",\"width\":125,\"height\":63,\"caption\":\"L-Group\"},\"image\":{\"@id\":\"https:\/\/www.l-group.ly\/ar\/#\/schema\/logo\/image\/\"}}]}<\/script>\n<!-- \/ Yoast SEO plugin. -->","yoast_head_json":{"title":"Chauffe-eau solaires en Libye | Solutions durables","description":"Chauffe-eau solaires \u00e0 haut rendement \u00e9nerg\u00e9tique en Libye. R\u00e9duire les co\u00fbts \u00e9nerg\u00e9tiques gr\u00e2ce \u00e0 l'\u00e9nergie solaire renouvelable.","robots":{"index":"index","follow":"follow","max-snippet":"max-snippet:-1","max-image-preview":"max-image-preview:large","max-video-preview":"max-video-preview:-1"},"canonical":"https:\/\/www.l-group.ly\/fr\/solar-water-heaters\/","og_locale":"fr_FR","og_type":"article","og_title":"Chauffe-eau solaires en Libye | Solutions durables","og_description":"Chauffe-eau solaires \u00e0 haut rendement \u00e9nerg\u00e9tique en Libye. R\u00e9duire les co\u00fbts \u00e9nerg\u00e9tiques gr\u00e2ce \u00e0 l'\u00e9nergie solaire renouvelable.","og_url":"https:\/\/www.l-group.ly\/solar-water-heaters\/","og_site_name":"L-Group","article_modified_time":"2024-09-24T16:32:31+00:00","og_image":[{"url":"https:\/\/www.l-group.ly\/wp-content\/uploads\/elementor\/thumbs\/solar-heater10-qj2o3k3ap6j5tkez2u0r8uy1r54qswttl8rd1m1clc.png"}],"twitter_card":"summary_large_image","twitter_misc":{"Dur\u00e9e de lecture estim\u00e9e":"1 minute"},"schema":{"@context":"https:\/\/schema.org","@graph":[{"@type":"WebPage","@id":"https:\/\/www.l-group.ly\/solar-water-heaters\/","url":"https:\/\/www.l-group.ly\/solar-water-heaters\/","name":"Chauffe-eau solaires en Libye | Solutions durables","isPartOf":{"@id":"https:\/\/www.l-group.ly\/ar\/#website"},"primaryImageOfPage":{"@id":"https:\/\/www.l-group.ly\/solar-water-heaters\/#primaryimage"},"image":{"@id":"https:\/\/www.l-group.ly\/solar-water-heaters\/#primaryimage"},"thumbnailUrl":"https:\/\/www.l-group.ly\/wp-content\/uploads\/elementor\/thumbs\/solar-heater10-qj2o3k3ap6j5tkez2u0r8uy1r54qswttl8rd1m1clc.png","datePublished":"2024-01-29T10:22:31+00:00","dateModified":"2024-09-24T16:32:31+00:00","description":"Chauffe-eau solaires \u00e0 haut rendement \u00e9nerg\u00e9tique en Libye. R\u00e9duire les co\u00fbts \u00e9nerg\u00e9tiques gr\u00e2ce \u00e0 l'\u00e9nergie solaire renouvelable.","breadcrumb":{"@id":"https:\/\/www.l-group.ly\/solar-water-heaters\/#breadcrumb"},"inLanguage":"fr-FR","potentialAction":[{"@type":"ReadAction","target":["https:\/\/www.l-group.ly\/solar-water-heaters\/"]}]},{"@type":"ImageObject","inLanguage":"fr-FR","@id":"https:\/\/www.l-group.ly\/solar-water-heaters\/#primaryimage","url":"https:\/\/www.l-group.ly\/wp-content\/uploads\/elementor\/thumbs\/solar-heater10-qj2o3k3ap6j5tkez2u0r8uy1r54qswttl8rd1m1clc.png","contentUrl":"https:\/\/www.l-group.ly\/wp-content\/uploads\/elementor\/thumbs\/solar-heater10-qj2o3k3ap6j5tkez2u0r8uy1r54qswttl8rd1m1clc.png"},{"@type":"BreadcrumbList","@id":"https:\/\/www.l-group.ly\/solar-water-heaters\/#breadcrumb","itemListElement":[{"@type":"ListItem","position":1,"name":"Home","item":"https:\/\/www.l-group.ly\/fr\/"},{"@type":"ListItem","position":2,"name":"Chauffe-eau solaires"}]},{"@type":"WebSite","@id":"https:\/\/www.l-group.ly\/ar\/#website","url":"https:\/\/www.l-group.ly\/ar\/","name":"L-Group","description":"Renewable Energy","publisher":{"@id":"https:\/\/www.l-group.ly\/ar\/#organization"},"potentialAction":[{"@type":"SearchAction","target":{"@type":"EntryPoint","urlTemplate":"https:\/\/www.l-group.ly\/ar\/?s={search_term_string}"},"query-input":{"@type":"PropertyValueSpecification","valueRequired":true,"valueName":"search_term_string"}}],"inLanguage":"fr-FR"},{"@type":"Organization","@id":"https:\/\/www.l-group.ly\/ar\/#organization","name":"L-Group","url":"https:\/\/www.l-group.ly\/ar\/","logo":{"@type":"ImageObject","inLanguage":"fr-FR","@id":"https:\/\/www.l-group.ly\/ar\/#\/schema\/logo\/image\/","url":"https:\/\/www.l-group.ly\/wp-content\/uploads\/2024\/01\/cropped-lighting.png","contentUrl":"https:\/\/www.l-group.ly\/wp-content\/uploads\/2024\/01\/cropped-lighting.png","width":125,"height":63,"caption":"L-Group"},"image":{"@id":"https:\/\/www.l-group.ly\/ar\/#\/schema\/logo\/image\/"}}]}},"_links":{"self":[{"href":"https:\/\/www.l-group.ly\/fr\/wp-json\/wp\/v2\/pages\/2666","targetHints":{"allow":["GET"]}}],"collection":[{"href":"https:\/\/www.l-group.ly\/fr\/wp-json\/wp\/v2\/pages"}],"about":[{"href":"https:\/\/www.l-group.ly\/fr\/wp-json\/wp\/v2\/types\/page"}],"author":[{"embeddable":true,"href":"https:\/\/www.l-group.ly\/fr\/wp-json\/wp\/v2\/users\/1"}],"replies":[{"embeddable":true,"href":"https:\/\/www.l-group.ly\/fr\/wp-json\/wp\/v2\/comments?post=2666"}],"version-history":[{"count":8,"href":"https:\/\/www.l-group.ly\/fr\/wp-json\/wp\/v2\/pages\/2666\/revisions"}],"predecessor-version":[{"id":3916,"href":"https:\/\/www.l-group.ly\/fr\/wp-json\/wp\/v2\/pages\/2666\/revisions\/3916"}],"wp:attachment":[{"href":"https:\/\/www.l-group.ly\/fr\/wp-json\/wp\/v2\/media?parent=2666"}],"curies":[{"name":"wp","href":"https:\/\/api.w.org\/{rel}","templated":true}]}}