{"id":2677,"date":"2024-01-29T11:02:59","date_gmt":"2024-01-29T11:02:59","guid":{"rendered":"https:\/\/www.l-group.ly\/blog\/"},"modified":"2024-09-24T16:54:11","modified_gmt":"2024-09-24T16:54:11","slug":"blog","status":"publish","type":"page","link":"https:\/\/www.l-group.ly\/fr\/blog\/","title":{"rendered":"Blog"},"content":{"rendered":"\t\t<div data-elementor-type=\"wp-post\" data-elementor-id=\"2677\" class=\"elementor elementor-2677\">\n\t\t\t\t\t\t\t\t\t<section class=\"elementor-section elementor-top-section elementor-element elementor-element-a8614da elementor-section-full_width elementor-section-stretched elementor-section-height-default elementor-section-height-default\" data-id=\"a8614da\" data-element_type=\"section\" data-settings=\"{&quot;stretch_section&quot;:&quot;section-stretched&quot;}\">\n\t\t\t\t\t\t<div class=\"elementor-container elementor-column-gap-default\">\n\t\t\t\t\t<div class=\"aux-parallax-section elementor-column elementor-col-100 elementor-top-column elementor-element elementor-element-58c8714\" data-id=\"58c8714\" data-element_type=\"column\">\n\t\t\t<div class=\"elementor-widget-wrap elementor-element-populated\">\n\t\t\t\t\t\t\t\t<div class=\"elementor-element elementor-element-d5e882b elementor-widget elementor-widget-image\" data-id=\"d5e882b\" data-element_type=\"widget\" data-widget_type=\"image.default\">\n\t\t\t\t<div class=\"elementor-widget-container\">\n\t\t\t\t\t\t\t\t\t\t\t\t\t\t\t<img decoding=\"async\" src=\"https:\/\/www.l-group.ly\/wp-content\/uploads\/elementor\/thumbs\/blog-qrdy8z2gl0isr4g540tozv33w45eh8iv0ly6zpb5pk.png\" title=\"blog\" alt=\"blog\" loading=\"lazy\" \/>\t\t\t\t\t\t\t\t\t\t\t\t\t\t\t<\/div>\n\t\t\t\t<\/div>\n\t\t\t\t\t<\/div>\n\t\t<\/div>\n\t\t\t\t\t\t\t<\/div>\n\t\t<\/section>\n\t\t\t\t<section class=\"elementor-section elementor-top-section elementor-element elementor-element-04cd745 elementor-section-boxed elementor-section-height-default elementor-section-height-default\" data-id=\"04cd745\" data-element_type=\"section\">\n\t\t\t\t\t\t<div class=\"elementor-container elementor-column-gap-default\">\n\t\t\t\t\t<div class=\"aux-parallax-section elementor-column elementor-col-100 elementor-top-column elementor-element elementor-element-2fc54f6\" data-id=\"2fc54f6\" data-element_type=\"column\">\n\t\t\t<div class=\"elementor-widget-wrap elementor-element-populated\">\n\t\t\t\t\t\t\t\t<div class=\"elementor-element elementor-element-cf2e119 elementor-widget elementor-widget-aux_recent_posts_tiles\" data-id=\"cf2e119\" data-element_type=\"widget\" data-widget_type=\"aux_recent_posts_tiles.default\">\n\t\t\t\t<div class=\"elementor-widget-container\">\n\t\t\t<section class=\"widget-container aux-widget-recent-posts-tiles aux-parent-aufc1ed24b\"><div data-lazyload=\"true\" data-element-id=\"aufc1ed24b\" class=\"aux-tiles-layout aux-ajax-view \">                                                \n                        <article class=\"aux-post-tile aux-image-box post aux-tile-6-6 aux-t-tile-6-6 aux-m-tile-12-12 post-2512 type-post status-publish format-standard has-post-thumbnail hentry category-blogfr\" >\n                            \n                            <div class=\"entry-media\">\n                                <div class=\"aux-media-frame aux-media-image aux-image-mask\"><a href=\"https:\/\/www.l-group.ly\/fr\/2024\/01\/31\/from-humble-beginnings-to-soaring-efficiency-the-evolution-of-solar-panel-technology\/\"><img fetchpriority=\"high\" decoding=\"async\" width=\"1000\" height=\"937\" src=\"https:\/\/www.l-group.ly\/wp-content\/uploads\/2024\/01\/sunset-solar-energy-farm-plant-edited-1000x1000.jpg\" class=\"aux-attachment aux-featured-image attachment-1000x937 aux-attachment-id-2513 \" alt=\"sunset-solar-energy-farm-plant-edited\" srcset=\"https:\/\/www.l-group.ly\/wp-content\/uploads\/2024\/01\/sunset-solar-energy-farm-plant-edited-150x150.jpg 150w,https:\/\/www.l-group.ly\/wp-content\/uploads\/2024\/01\/sunset-solar-energy-farm-plant-edited-300x300.jpg 300w,https:\/\/www.l-group.ly\/wp-content\/uploads\/2024\/01\/sunset-solar-energy-farm-plant-edited-768x768.jpg 768w,https:\/\/www.l-group.ly\/wp-content\/uploads\/2024\/01\/sunset-solar-energy-farm-plant-edited-1024x1024.jpg 1024w,https:\/\/www.l-group.ly\/wp-content\/uploads\/2024\/01\/sunset-solar-energy-farm-plant-edited-1000x1000.jpg 1000w,https:\/\/www.l-group.ly\/wp-content\/uploads\/2024\/01\/sunset-solar-energy-farm-plant-edited-1490x1490.jpg 1490w\" data-ratio=\"1\" data-original-w=\"1500\" sizes=\"(max-width:479px) 480px,(max-width:767px) 768px,(max-width:1023px) 1024px,1000px\" \/><\/a><\/div>                            <\/div>\n                            \n                            <div class=\"entry-main\">\n\n                                                                <header class=\"entry-header\">\n                                    <h4 class=\"entry-title\">\n                                        <a href=\"https:\/\/www.l-group.ly\/fr\/2024\/01\/31\/from-humble-beginnings-to-soaring-efficiency-the-evolution-of-solar-panel-technology\/\">\n                                            Des d\u00e9buts modestes \u00e0 une efficacit\u00e9 fulgurante : l&rsquo;\u00e9volution de la technologie des panneaux solaires.                                        <\/a>\n                                    <\/h4>\n                                <\/header>\n                                \n                                \n                            <\/div>\n\n                        <\/article>\n                                                \n                        <article class=\"aux-post-tile aux-image-box post aux-tile-6-6 aux-t-tile-6-6 aux-m-tile-12-12 post-2791 type-post status-publish format-standard has-post-thumbnail hentry category-blogfr\" >\n                            \n                            <div class=\"entry-media\">\n                                <div class=\"aux-media-frame aux-media-image aux-image-mask\"><a href=\"https:\/\/www.l-group.ly\/fr\/2018\/04\/11\/powering-the-future-exploring-the-best-modern-technologies-in-eco-friendly-energy\/\"><img decoding=\"async\" width=\"1000\" height=\"900\" src=\"https:\/\/www.l-group.ly\/wp-content\/uploads\/2018\/04\/bnr-1000x1000.png\" class=\"aux-attachment aux-featured-image attachment-1000x900 aux-attachment-id-2792 \" alt=\"bnr\" srcset=\"https:\/\/www.l-group.ly\/wp-content\/uploads\/2018\/04\/bnr-150x150.png 150w,https:\/\/www.l-group.ly\/wp-content\/uploads\/2018\/04\/bnr-300x300.png 300w,https:\/\/www.l-group.ly\/wp-content\/uploads\/2018\/04\/bnr-768x768.png 768w,https:\/\/www.l-group.ly\/wp-content\/uploads\/2018\/04\/bnr-1024x1024.png 1024w,https:\/\/www.l-group.ly\/wp-content\/uploads\/2018\/04\/bnr-1000x1000.png 1000w,https:\/\/www.l-group.ly\/wp-content\/uploads\/2018\/04\/bnr-1590x1590.png 1590w\" data-ratio=\"1\" data-original-w=\"1600\" sizes=\"(max-width:479px) 480px,(max-width:767px) 768px,(max-width:1023px) 1024px,1000px\" \/><\/a><\/div>                            <\/div>\n                            \n                            <div class=\"entry-main\">\n\n                                                                <header class=\"entry-header\">\n                                    <h4 class=\"entry-title\">\n                                        <a href=\"https:\/\/www.l-group.ly\/fr\/2018\/04\/11\/powering-the-future-exploring-the-best-modern-technologies-in-eco-friendly-energy\/\">\n                                            Alimenter l&rsquo;avenir : Exploration des meilleures technologies modernes en \u00e9nergie \u00e9cologique.                                        <\/a>\n                                    <\/h4>\n                                <\/header>\n                                \n                                \n                            <\/div>\n\n                        <\/article>\n<\/div><\/section><!-- widget-container -->\t\t<\/div>\n\t\t\t\t<\/div>\n\t\t\t\t\t<\/div>\n\t\t<\/div>\n\t\t\t\t\t\t\t<\/div>\n\t\t<\/section>\n\t\t\t\t\t\t\t<\/div>\n\t\t","protected":false},"excerpt":{"rendered":"<p>Des d\u00e9buts modestes \u00e0 une efficacit\u00e9 fulgurante : l\u2019\u00e9volution de la technologie des panneaux solaires.<\/p>\n","protected":false},"author":1,"featured_media":0,"parent":0,"menu_order":0,"comment_status":"closed","ping_status":"closed","template":"","meta":{"footnotes":""},"class_list":["post-2677","page","type-page","status-publish","hentry"],"yoast_head":"<!-- This site is optimized with the Yoast SEO plugin v23.4 - https:\/\/yoast.com\/wordpress\/plugins\/seo\/ -->\n<title>Blog sur l&#039;\u00e9nergie solaire | Derni\u00e8res tendances solaires<\/title>\n<meta name=\"description\" content=\"Restez inform\u00e9 des derni\u00e8res tendances en mati\u00e8re d&#039;\u00e9nergie solaire en Libye. Des avis d&#039;experts sur les solutions en mati\u00e8re d&#039;\u00e9nergie renouvelable.\" \/>\n<meta name=\"robots\" content=\"index, follow, max-snippet:-1, max-image-preview:large, max-video-preview:-1\" \/>\n<link rel=\"canonical\" href=\"https:\/\/www.l-group.ly\/fr\/blog\/\" \/>\n<meta property=\"og:locale\" content=\"fr_FR\" \/>\n<meta property=\"og:type\" content=\"article\" \/>\n<meta property=\"og:title\" content=\"Blog sur l&#039;\u00e9nergie solaire | Derni\u00e8res tendances solaires\" \/>\n<meta property=\"og:description\" content=\"Restez inform\u00e9 des derni\u00e8res tendances en mati\u00e8re d&#039;\u00e9nergie solaire en Libye. Des avis d&#039;experts sur les solutions en mati\u00e8re d&#039;\u00e9nergie renouvelable.\" \/>\n<meta property=\"og:url\" content=\"https:\/\/www.l-group.ly\/fr\/blog\/\" \/>\n<meta property=\"og:site_name\" content=\"L-Group\" \/>\n<meta property=\"article:modified_time\" content=\"2024-09-24T16:54:11+00:00\" \/>\n<meta property=\"og:image\" content=\"https:\/\/www.l-group.ly\/wp-content\/uploads\/elementor\/thumbs\/blog-qj2piojaesila25mjxk9uyikvl5fg9s9aa42pe8i68.png\" \/>\n<meta name=\"twitter:card\" content=\"summary_large_image\" \/>\n<meta name=\"twitter:label1\" content=\"Dur\u00e9e de lecture estim\u00e9e\" \/>\n\t<meta name=\"twitter:data1\" content=\"1 minute\" \/>\n<script type=\"application\/ld+json\" class=\"yoast-schema-graph\">{\"@context\":\"https:\/\/schema.org\",\"@graph\":[{\"@type\":\"WebPage\",\"@id\":\"https:\/\/www.l-group.ly\/fr\/blog\/\",\"url\":\"https:\/\/www.l-group.ly\/fr\/blog\/\",\"name\":\"Blog sur l'\u00e9nergie solaire | Derni\u00e8res tendances solaires\",\"isPartOf\":{\"@id\":\"https:\/\/www.l-group.ly\/ar\/#website\"},\"primaryImageOfPage\":{\"@id\":\"https:\/\/www.l-group.ly\/fr\/blog\/#primaryimage\"},\"image\":{\"@id\":\"https:\/\/www.l-group.ly\/fr\/blog\/#primaryimage\"},\"thumbnailUrl\":\"https:\/\/www.l-group.ly\/wp-content\/uploads\/elementor\/thumbs\/blog-qj2piojaesila25mjxk9uyikvl5fg9s9aa42pe8i68.png\",\"datePublished\":\"2024-01-29T11:02:59+00:00\",\"dateModified\":\"2024-09-24T16:54:11+00:00\",\"description\":\"Restez inform\u00e9 des derni\u00e8res tendances en mati\u00e8re d'\u00e9nergie solaire en Libye. Des avis d'experts sur les solutions en mati\u00e8re d'\u00e9nergie renouvelable.\",\"breadcrumb\":{\"@id\":\"https:\/\/www.l-group.ly\/fr\/blog\/#breadcrumb\"},\"inLanguage\":\"fr-FR\",\"potentialAction\":[{\"@type\":\"ReadAction\",\"target\":[\"https:\/\/www.l-group.ly\/fr\/blog\/\"]}]},{\"@type\":\"ImageObject\",\"inLanguage\":\"fr-FR\",\"@id\":\"https:\/\/www.l-group.ly\/fr\/blog\/#primaryimage\",\"url\":\"https:\/\/www.l-group.ly\/wp-content\/uploads\/elementor\/thumbs\/blog-qj2piojaesila25mjxk9uyikvl5fg9s9aa42pe8i68.png\",\"contentUrl\":\"https:\/\/www.l-group.ly\/wp-content\/uploads\/elementor\/thumbs\/blog-qj2piojaesila25mjxk9uyikvl5fg9s9aa42pe8i68.png\"},{\"@type\":\"BreadcrumbList\",\"@id\":\"https:\/\/www.l-group.ly\/fr\/blog\/#breadcrumb\",\"itemListElement\":[{\"@type\":\"ListItem\",\"position\":1,\"name\":\"Home\",\"item\":\"https:\/\/www.l-group.ly\/fr\/\"},{\"@type\":\"ListItem\",\"position\":2,\"name\":\"Blog\"}]},{\"@type\":\"WebSite\",\"@id\":\"https:\/\/www.l-group.ly\/ar\/#website\",\"url\":\"https:\/\/www.l-group.ly\/ar\/\",\"name\":\"L-Group\",\"description\":\"Renewable Energy\",\"publisher\":{\"@id\":\"https:\/\/www.l-group.ly\/ar\/#organization\"},\"potentialAction\":[{\"@type\":\"SearchAction\",\"target\":{\"@type\":\"EntryPoint\",\"urlTemplate\":\"https:\/\/www.l-group.ly\/ar\/?s={search_term_string}\"},\"query-input\":{\"@type\":\"PropertyValueSpecification\",\"valueRequired\":true,\"valueName\":\"search_term_string\"}}],\"inLanguage\":\"fr-FR\"},{\"@type\":\"Organization\",\"@id\":\"https:\/\/www.l-group.ly\/ar\/#organization\",\"name\":\"L-Group\",\"url\":\"https:\/\/www.l-group.ly\/ar\/\",\"logo\":{\"@type\":\"ImageObject\",\"inLanguage\":\"fr-FR\",\"@id\":\"https:\/\/www.l-group.ly\/ar\/#\/schema\/logo\/image\/\",\"url\":\"https:\/\/www.l-group.ly\/wp-content\/uploads\/2024\/01\/cropped-lighting.png\",\"contentUrl\":\"https:\/\/www.l-group.ly\/wp-content\/uploads\/2024\/01\/cropped-lighting.png\",\"width\":125,\"height\":63,\"caption\":\"L-Group\"},\"image\":{\"@id\":\"https:\/\/www.l-group.ly\/ar\/#\/schema\/logo\/image\/\"}}]}<\/script>\n<!-- \/ Yoast SEO plugin. -->","yoast_head_json":{"title":"Blog sur l'\u00e9nergie solaire | Derni\u00e8res tendances solaires","description":"Restez inform\u00e9 des derni\u00e8res tendances en mati\u00e8re d'\u00e9nergie solaire en Libye. Des avis d'experts sur les solutions en mati\u00e8re d'\u00e9nergie renouvelable.","robots":{"index":"index","follow":"follow","max-snippet":"max-snippet:-1","max-image-preview":"max-image-preview:large","max-video-preview":"max-video-preview:-1"},"canonical":"https:\/\/www.l-group.ly\/fr\/blog\/","og_locale":"fr_FR","og_type":"article","og_title":"Blog sur l'\u00e9nergie solaire | Derni\u00e8res tendances solaires","og_description":"Restez inform\u00e9 des derni\u00e8res tendances en mati\u00e8re d'\u00e9nergie solaire en Libye. Des avis d'experts sur les solutions en mati\u00e8re d'\u00e9nergie renouvelable.","og_url":"https:\/\/www.l-group.ly\/fr\/blog\/","og_site_name":"L-Group","article_modified_time":"2024-09-24T16:54:11+00:00","og_image":[{"url":"https:\/\/www.l-group.ly\/wp-content\/uploads\/elementor\/thumbs\/blog-qj2piojaesila25mjxk9uyikvl5fg9s9aa42pe8i68.png"}],"twitter_card":"summary_large_image","twitter_misc":{"Dur\u00e9e de lecture estim\u00e9e":"1 minute"},"schema":{"@context":"https:\/\/schema.org","@graph":[{"@type":"WebPage","@id":"https:\/\/www.l-group.ly\/fr\/blog\/","url":"https:\/\/www.l-group.ly\/fr\/blog\/","name":"Blog sur l'\u00e9nergie solaire | Derni\u00e8res tendances solaires","isPartOf":{"@id":"https:\/\/www.l-group.ly\/ar\/#website"},"primaryImageOfPage":{"@id":"https:\/\/www.l-group.ly\/fr\/blog\/#primaryimage"},"image":{"@id":"https:\/\/www.l-group.ly\/fr\/blog\/#primaryimage"},"thumbnailUrl":"https:\/\/www.l-group.ly\/wp-content\/uploads\/elementor\/thumbs\/blog-qj2piojaesila25mjxk9uyikvl5fg9s9aa42pe8i68.png","datePublished":"2024-01-29T11:02:59+00:00","dateModified":"2024-09-24T16:54:11+00:00","description":"Restez inform\u00e9 des derni\u00e8res tendances en mati\u00e8re d'\u00e9nergie solaire en Libye. Des avis d'experts sur les solutions en mati\u00e8re d'\u00e9nergie renouvelable.","breadcrumb":{"@id":"https:\/\/www.l-group.ly\/fr\/blog\/#breadcrumb"},"inLanguage":"fr-FR","potentialAction":[{"@type":"ReadAction","target":["https:\/\/www.l-group.ly\/fr\/blog\/"]}]},{"@type":"ImageObject","inLanguage":"fr-FR","@id":"https:\/\/www.l-group.ly\/fr\/blog\/#primaryimage","url":"https:\/\/www.l-group.ly\/wp-content\/uploads\/elementor\/thumbs\/blog-qj2piojaesila25mjxk9uyikvl5fg9s9aa42pe8i68.png","contentUrl":"https:\/\/www.l-group.ly\/wp-content\/uploads\/elementor\/thumbs\/blog-qj2piojaesila25mjxk9uyikvl5fg9s9aa42pe8i68.png"},{"@type":"BreadcrumbList","@id":"https:\/\/www.l-group.ly\/fr\/blog\/#breadcrumb","itemListElement":[{"@type":"ListItem","position":1,"name":"Home","item":"https:\/\/www.l-group.ly\/fr\/"},{"@type":"ListItem","position":2,"name":"Blog"}]},{"@type":"WebSite","@id":"https:\/\/www.l-group.ly\/ar\/#website","url":"https:\/\/www.l-group.ly\/ar\/","name":"L-Group","description":"Renewable Energy","publisher":{"@id":"https:\/\/www.l-group.ly\/ar\/#organization"},"potentialAction":[{"@type":"SearchAction","target":{"@type":"EntryPoint","urlTemplate":"https:\/\/www.l-group.ly\/ar\/?s={search_term_string}"},"query-input":{"@type":"PropertyValueSpecification","valueRequired":true,"valueName":"search_term_string"}}],"inLanguage":"fr-FR"},{"@type":"Organization","@id":"https:\/\/www.l-group.ly\/ar\/#organization","name":"L-Group","url":"https:\/\/www.l-group.ly\/ar\/","logo":{"@type":"ImageObject","inLanguage":"fr-FR","@id":"https:\/\/www.l-group.ly\/ar\/#\/schema\/logo\/image\/","url":"https:\/\/www.l-group.ly\/wp-content\/uploads\/2024\/01\/cropped-lighting.png","contentUrl":"https:\/\/www.l-group.ly\/wp-content\/uploads\/2024\/01\/cropped-lighting.png","width":125,"height":63,"caption":"L-Group"},"image":{"@id":"https:\/\/www.l-group.ly\/ar\/#\/schema\/logo\/image\/"}}]}},"_links":{"self":[{"href":"https:\/\/www.l-group.ly\/fr\/wp-json\/wp\/v2\/pages\/2677","targetHints":{"allow":["GET"]}}],"collection":[{"href":"https:\/\/www.l-group.ly\/fr\/wp-json\/wp\/v2\/pages"}],"about":[{"href":"https:\/\/www.l-group.ly\/fr\/wp-json\/wp\/v2\/types\/page"}],"author":[{"embeddable":true,"href":"https:\/\/www.l-group.ly\/fr\/wp-json\/wp\/v2\/users\/1"}],"replies":[{"embeddable":true,"href":"https:\/\/www.l-group.ly\/fr\/wp-json\/wp\/v2\/comments?post=2677"}],"version-history":[{"count":7,"href":"https:\/\/www.l-group.ly\/fr\/wp-json\/wp\/v2\/pages\/2677\/revisions"}],"predecessor-version":[{"id":3927,"href":"https:\/\/www.l-group.ly\/fr\/wp-json\/wp\/v2\/pages\/2677\/revisions\/3927"}],"wp:attachment":[{"href":"https:\/\/www.l-group.ly\/fr\/wp-json\/wp\/v2\/media?parent=2677"}],"curies":[{"name":"wp","href":"https:\/\/api.w.org\/{rel}","templated":true}]}}