{"id":2688,"date":"2024-01-26T16:12:56","date_gmt":"2024-01-26T16:12:56","guid":{"rendered":"https:\/\/www.l-group.ly\/news\/"},"modified":"2024-09-24T16:56:40","modified_gmt":"2024-09-24T16:56:40","slug":"nouveautes","status":"publish","type":"page","link":"https:\/\/www.l-group.ly\/fr\/nouveautes\/","title":{"rendered":"Nouveaut\u00e9s"},"content":{"rendered":"\t\t<div data-elementor-type=\"wp-post\" data-elementor-id=\"2688\" class=\"elementor elementor-2688\">\n\t\t\t\t\t\t\t\t\t<section class=\"elementor-section elementor-top-section elementor-element elementor-element-a8614da elementor-section-full_width elementor-section-stretched elementor-section-height-default elementor-section-height-default\" data-id=\"a8614da\" data-element_type=\"section\" data-settings=\"{&quot;stretch_section&quot;:&quot;section-stretched&quot;}\">\n\t\t\t\t\t\t<div class=\"elementor-container elementor-column-gap-default\">\n\t\t\t\t\t<div class=\"aux-parallax-section elementor-column elementor-col-100 elementor-top-column elementor-element elementor-element-58c8714\" data-id=\"58c8714\" data-element_type=\"column\">\n\t\t\t<div class=\"elementor-widget-wrap elementor-element-populated\">\n\t\t\t\t\t\t\t\t<div class=\"elementor-element elementor-element-d5e882b elementor-widget elementor-widget-image\" data-id=\"d5e882b\" data-element_type=\"widget\" data-widget_type=\"image.default\">\n\t\t\t\t<div class=\"elementor-widget-container\">\n\t\t\t\t\t\t\t\t\t\t\t\t\t\t\t<img fetchpriority=\"high\" decoding=\"async\" width=\"1920\" height=\"580\" src=\"https:\/\/www.l-group.ly\/wp-content\/uploads\/2024\/01\/news.png\" class=\"attachment-full size-full wp-image-1596\" alt=\"\" srcset=\"https:\/\/www.l-group.ly\/wp-content\/uploads\/2024\/01\/news.png 1920w, https:\/\/www.l-group.ly\/wp-content\/uploads\/2024\/01\/news-1536x464.png 1536w, https:\/\/www.l-group.ly\/wp-content\/uploads\/2024\/01\/news-200x60.png 200w, https:\/\/www.l-group.ly\/wp-content\/uploads\/2024\/01\/news-600x181.png 600w\" sizes=\"(max-width: 1920px) 100vw, 1920px\" \/>\t\t\t\t\t\t\t\t\t\t\t\t\t\t\t<\/div>\n\t\t\t\t<\/div>\n\t\t\t\t\t<\/div>\n\t\t<\/div>\n\t\t\t\t\t\t\t<\/div>\n\t\t<\/section>\n\t\t\t\t<section class=\"elementor-section elementor-top-section elementor-element elementor-element-04cd745 elementor-section-boxed elementor-section-height-default elementor-section-height-default\" data-id=\"04cd745\" data-element_type=\"section\">\n\t\t\t\t\t\t<div class=\"elementor-container elementor-column-gap-default\">\n\t\t\t\t\t<div class=\"aux-parallax-section elementor-column elementor-col-100 elementor-top-column elementor-element elementor-element-2fc54f6\" data-id=\"2fc54f6\" data-element_type=\"column\">\n\t\t\t<div class=\"elementor-widget-wrap elementor-element-populated\">\n\t\t\t\t\t\t\t\t<div class=\"elementor-element elementor-element-b07c46c elementor-widget elementor-widget-aux_recent_posts_tiles_carousel\" data-id=\"b07c46c\" data-element_type=\"widget\" data-widget_type=\"aux_recent_posts_tiles_carousel.default\">\n\t\t\t\t<div class=\"elementor-widget-container\">\n\t\t\t<section class=\"widget-container aux-widget-recent-posts-tiles aux-carousel aux-parent-aua45b0ec6\"><div data-lazyload=\"true\" data-element-id=\"aua45b0ec6\" class=\"master-carousel aux-no-js aux-mc-before-init aux-tile- \" data-columns=\"1\" data-autoplay=\"no\" data-navigation=\"peritem\" data-loop=\"yes\" data-delay=\"2\" data-wrap-controls=\"true\" data-bullets=\"true\" data-bullet-class=\"aux-bullets aux-small aux-mask\" data-arrows=\"false\" data-same-height=\"false\"><div class=\"aux-mc-item aux-tiles-layout\">                                                \n                        <article class=\"aux-post-tile aux-image-box post aux-tile-6-6 aux-t-tile-6-6 aux-m-tile-12-12 post-2562 type-post status-publish format-standard has-post-thumbnail hentry category-news-fr\" >\n                            \n                            <div class=\"entry-media\">\n                                <div class=\"aux-media-frame aux-media-image aux-image-mask\"><a href=\"https:\/\/www.l-group.ly\/fr\/2023\/11\/25\/become-a-successful-entrepreneur\/\"><img decoding=\"async\" width=\"1000\" height=\"960\" src=\"https:\/\/www.l-group.ly\/wp-content\/uploads\/2024\/01\/WhatsApp-Image-2023-11-25-at-12.17.47-PM-1-1000x1000.jpeg\" class=\"aux-attachment aux-featured-image attachment-1000x960 aux-attachment-id-2563 \" alt=\"WhatsApp Image 2023-11-25 at 12.17.47 PM (1)\" srcset=\"https:\/\/www.l-group.ly\/wp-content\/uploads\/2024\/01\/WhatsApp-Image-2023-11-25-at-12.17.47-PM-1-150x150.jpeg 150w,https:\/\/www.l-group.ly\/wp-content\/uploads\/2024\/01\/WhatsApp-Image-2023-11-25-at-12.17.47-PM-1-300x300.jpeg 300w,https:\/\/www.l-group.ly\/wp-content\/uploads\/2024\/01\/WhatsApp-Image-2023-11-25-at-12.17.47-PM-1-768x768.jpeg 768w,https:\/\/www.l-group.ly\/wp-content\/uploads\/2024\/01\/WhatsApp-Image-2023-11-25-at-12.17.47-PM-1-1024x1024.jpeg 1024w,https:\/\/www.l-group.ly\/wp-content\/uploads\/2024\/01\/WhatsApp-Image-2023-11-25-at-12.17.47-PM-1-1000x1000.jpeg 1000w,https:\/\/www.l-group.ly\/wp-content\/uploads\/2024\/01\/WhatsApp-Image-2023-11-25-at-12.17.47-PM-1-1270x1270.jpeg 1270w\" data-ratio=\"1\" data-original-w=\"1280\" sizes=\"(max-width:479px) 480px,(max-width:767px) 768px,(max-width:1023px) 1024px,1000px\" \/><\/a><\/div>                            <\/div>\n                            \n                            <div class=\"entry-main\">\n\n                                                                <header class=\"entry-header\">\n                                    <h4 class=\"entry-title\">\n                                        <a href=\"https:\/\/www.l-group.ly\/fr\/2023\/11\/25\/become-a-successful-entrepreneur\/\">\n                                            Lighting Group brille de succ\u00e8s \u00e0 la 8e Exposition Agricole en Libya.                                        <\/a>\n                                    <\/h4>\n                                <\/header>\n                                \n                                                                <div class=\"entry-info\">\n                                                                        <div class=\"entry-date\">\n                                        <a href=\"https:\/\/www.l-group.ly\/fr\/2023\/11\/25\/become-a-successful-entrepreneur\/\">\n                                            <time datetime=\"2023-11-25T11:26:00+00:00\" title=\"2023-11-25T11:26:00+00:00\" >25 novembre 2023<\/time>\n                                        <\/a>\n                                    <\/div>\n                                                                        <span class=\"entry-tax\">\n                                                                                <a href=\"https:\/\/www.l-group.ly\/fr\/category\/news-fr\/\" title=\"View all posts in News\" rel=\"category\" >News<\/a>                                    <\/span>\n                                                                    <\/div>\n                                \n                            <\/div>\n\n                        <\/article>\n                                                \n                        <article class=\"aux-post-tile aux-image-box post aux-tile-6-3 aux-t-tile-12-6 aux-m-tile-12-6 post-2699 type-post status-publish format-standard has-post-thumbnail hentry\" >\n                            \n                            <div class=\"entry-media\">\n                                <div class=\"aux-media-frame aux-media-image aux-image-mask\"><a href=\"https:\/\/www.l-group.ly\/fr\/2023\/11\/13\/developing-your-critical-thinking-skills\/\"><img decoding=\"async\" width=\"1000\" height=\"500\" src=\"https:\/\/www.l-group.ly\/wp-content\/uploads\/2018\/04\/WhatsApp-Image-2023-11-14-at-12.46.56-PM-1000x500.jpeg\" class=\"aux-attachment aux-featured-image attachment-1000x500 aux-attachment-id-2700 \" alt=\"WhatsApp Image 2023-11-14 at 12.46.56 PM\" srcset=\"https:\/\/www.l-group.ly\/wp-content\/uploads\/2018\/04\/WhatsApp-Image-2023-11-14-at-12.46.56-PM-150x75.jpeg 150w,https:\/\/www.l-group.ly\/wp-content\/uploads\/2018\/04\/WhatsApp-Image-2023-11-14-at-12.46.56-PM-300x150.jpeg 300w,https:\/\/www.l-group.ly\/wp-content\/uploads\/2018\/04\/WhatsApp-Image-2023-11-14-at-12.46.56-PM-768x384.jpeg 768w,https:\/\/www.l-group.ly\/wp-content\/uploads\/2018\/04\/WhatsApp-Image-2023-11-14-at-12.46.56-PM-1024x512.jpeg 1024w,https:\/\/www.l-group.ly\/wp-content\/uploads\/2018\/04\/WhatsApp-Image-2023-11-14-at-12.46.56-PM-1000x500.jpeg 1000w,https:\/\/www.l-group.ly\/wp-content\/uploads\/2018\/04\/WhatsApp-Image-2023-11-14-at-12.46.56-PM-1270x635.jpeg 1270w\" data-ratio=\"2\" data-original-w=\"1280\" sizes=\"(max-width:479px) 480px,(max-width:767px) 768px,(max-width:1023px) 1024px,1000px\" \/><\/a><\/div>                            <\/div>\n                            \n                            <div class=\"entry-main\">\n\n                                                                <header class=\"entry-header\">\n                                    <h4 class=\"entry-title\">\n                                        <a href=\"https:\/\/www.l-group.ly\/fr\/2023\/11\/13\/developing-your-critical-thinking-skills\/\">\n                                            Illuminant le succ\u00e8s : Le triomphe de Lighting Group \u00e0 l&rsquo;exposition libyenne du p\u00e9trole, du gaz et des \u00e9nergies renouvelables.                                        <\/a>\n                                    <\/h4>\n                                <\/header>\n                                \n                                                                <div class=\"entry-info\">\n                                                                        <div class=\"entry-date\">\n                                        <a href=\"https:\/\/www.l-group.ly\/fr\/2023\/11\/13\/developing-your-critical-thinking-skills\/\">\n                                            <time datetime=\"2023-11-13T11:24:27+00:00\" title=\"2023-11-13T11:24:27+00:00\" >13 novembre 2023<\/time>\n                                        <\/a>\n                                    <\/div>\n                                                                        <span class=\"entry-tax\">\n                                                                                <a href=\"https:\/\/www.l-group.ly\/fr\/category\/news-fr\/\" title=\"View all posts in News\" rel=\"category\" >News<\/a>                                    <\/span>\n                                                                    <\/div>\n                                \n                            <\/div>\n\n                        <\/article>\n                                                \n                        <article class=\"aux-post-tile aux-image-box post aux-tile-6-3 aux-t-tile-12-6 aux-m-tile-12-6 post-2775 type-post status-publish format-standard has-post-thumbnail hentry category-news-fr\" >\n                            \n                            <div class=\"entry-media\">\n                                <div class=\"aux-media-frame aux-media-image aux-image-mask\"><a href=\"https:\/\/www.l-group.ly\/fr\/2019\/04\/11\/how-to-become-a-successful-young-entrepreneur\/\"><img loading=\"lazy\" decoding=\"async\" width=\"940\" height=\"500\" src=\"https:\/\/www.l-group.ly\/wp-content\/uploads\/2019\/04\/33-1000x500.jpg\" class=\"aux-attachment aux-featured-image attachment-940x500 aux-attachment-id-2776 \" alt=\"33\" srcset=\"https:\/\/www.l-group.ly\/wp-content\/uploads\/2019\/04\/33-150x75.jpg 150w,https:\/\/www.l-group.ly\/wp-content\/uploads\/2019\/04\/33-300x150.jpg 300w,https:\/\/www.l-group.ly\/wp-content\/uploads\/2019\/04\/33-768x384.jpg 768w,https:\/\/www.l-group.ly\/wp-content\/uploads\/2019\/04\/33-1000x500.jpg 940w,https:\/\/www.l-group.ly\/wp-content\/uploads\/2019\/04\/33-930x465.jpg 930w\" data-ratio=\"2\" data-original-w=\"940\" sizes=\"(max-width:479px) 480px,(max-width:767px) 768px,(max-width:1023px) 1024px,940px\" \/><\/a><\/div>                            <\/div>\n                            \n                            <div class=\"entry-main\">\n\n                                                                <header class=\"entry-header\">\n                                    <h4 class=\"entry-title\">\n                                        <a href=\"https:\/\/www.l-group.ly\/fr\/2019\/04\/11\/how-to-become-a-successful-young-entrepreneur\/\">\n                                            Illuminer l&rsquo;innovation : le parcours du Lighting Group&rsquo;s \u00e0 l&rsquo;exposition Libya Clean                                        <\/a>\n                                    <\/h4>\n                                <\/header>\n                                \n                                                                <div class=\"entry-info\">\n                                                                        <div class=\"entry-date\">\n                                        <a href=\"https:\/\/www.l-group.ly\/fr\/2019\/04\/11\/how-to-become-a-successful-young-entrepreneur\/\">\n                                            <time datetime=\"2019-04-11T09:22:38+00:00\" title=\"2019-04-11T09:22:38+00:00\" >11 avril 2019<\/time>\n                                        <\/a>\n                                    <\/div>\n                                                                        <span class=\"entry-tax\">\n                                                                                <a href=\"https:\/\/www.l-group.ly\/fr\/category\/news-fr\/\" title=\"View all posts in News\" rel=\"category\" >News<\/a>                                    <\/span>\n                                                                    <\/div>\n                                \n                            <\/div>\n\n                        <\/article>\n<\/div><\/section><!-- widget-container -->\t\t<\/div>\n\t\t\t\t<\/div>\n\t\t\t\t\t<\/div>\n\t\t<\/div>\n\t\t\t\t\t\t\t<\/div>\n\t\t<\/section>\n\t\t\t\t\t\t\t<\/div>\n\t\t","protected":false},"excerpt":{"rendered":"<p>Lighting Group brille de succ\u00e8s \u00e0 la 8e Exposition Agricole en Libya. 25 November 2023 News | Edit<\/p>\n","protected":false},"author":1,"featured_media":0,"parent":0,"menu_order":0,"comment_status":"closed","ping_status":"closed","template":"","meta":{"footnotes":""},"class_list":["post-2688","page","type-page","status-publish","hentry"],"yoast_head":"<!-- This site is optimized with the Yoast SEO plugin v23.4 - https:\/\/yoast.com\/wordpress\/plugins\/seo\/ -->\n<title>Actualit\u00e9s de l&#039;\u00e9nergie solaire en Libye | M\u00e0j du L-Group<\/title>\n<meta name=\"description\" content=\"D\u00e9couvrez les derni\u00e8res nouvelles concernant les projets d&#039;\u00e9nergie solaire, les installations et les solutions d&#039;\u00e9nergie renouvelable en Libye avec L-Group\" \/>\n<meta name=\"robots\" content=\"index, follow, max-snippet:-1, max-image-preview:large, max-video-preview:-1\" \/>\n<link rel=\"canonical\" href=\"https:\/\/www.l-group.ly\/fr\/news\/\" \/>\n<meta property=\"og:locale\" content=\"fr_FR\" \/>\n<meta property=\"og:type\" content=\"article\" \/>\n<meta property=\"og:title\" content=\"Actualit\u00e9s de l&#039;\u00e9nergie solaire en Libye | M\u00e0j du L-Group\" \/>\n<meta property=\"og:description\" content=\"D\u00e9couvrez les derni\u00e8res nouvelles concernant les projets d&#039;\u00e9nergie solaire, les installations et les solutions d&#039;\u00e9nergie renouvelable en Libye avec L-Group\" \/>\n<meta property=\"og:url\" content=\"https:\/\/www.l-group.ly\/news\/\" \/>\n<meta property=\"og:site_name\" content=\"L-Group\" \/>\n<meta property=\"article:modified_time\" content=\"2024-09-24T16:56:40+00:00\" \/>\n<meta property=\"og:image\" content=\"https:\/\/www.l-group.ly\/wp-content\/uploads\/2024\/01\/news.png\" \/>\n<meta name=\"twitter:card\" content=\"summary_large_image\" \/>\n<meta name=\"twitter:label1\" content=\"Dur\u00e9e de lecture estim\u00e9e\" \/>\n\t<meta name=\"twitter:data1\" content=\"1 minute\" \/>\n<script type=\"application\/ld+json\" class=\"yoast-schema-graph\">{\"@context\":\"https:\/\/schema.org\",\"@graph\":[{\"@type\":\"WebPage\",\"@id\":\"https:\/\/www.l-group.ly\/news\/\",\"url\":\"https:\/\/www.l-group.ly\/news\/\",\"name\":\"Actualit\u00e9s de l'\u00e9nergie solaire en Libye | M\u00e0j du L-Group\",\"isPartOf\":{\"@id\":\"https:\/\/www.l-group.ly\/ar\/#website\"},\"primaryImageOfPage\":{\"@id\":\"https:\/\/www.l-group.ly\/news\/#primaryimage\"},\"image\":{\"@id\":\"https:\/\/www.l-group.ly\/news\/#primaryimage\"},\"thumbnailUrl\":\"https:\/\/www.l-group.ly\/wp-content\/uploads\/2024\/01\/news.png\",\"datePublished\":\"2024-01-26T16:12:56+00:00\",\"dateModified\":\"2024-09-24T16:56:40+00:00\",\"description\":\"D\u00e9couvrez les derni\u00e8res nouvelles concernant les projets d'\u00e9nergie solaire, les installations et les solutions d'\u00e9nergie renouvelable en Libye avec L-Group\",\"breadcrumb\":{\"@id\":\"https:\/\/www.l-group.ly\/news\/#breadcrumb\"},\"inLanguage\":\"fr-FR\",\"potentialAction\":[{\"@type\":\"ReadAction\",\"target\":[\"https:\/\/www.l-group.ly\/news\/\"]}]},{\"@type\":\"ImageObject\",\"inLanguage\":\"fr-FR\",\"@id\":\"https:\/\/www.l-group.ly\/news\/#primaryimage\",\"url\":\"https:\/\/www.l-group.ly\/wp-content\/uploads\/2024\/01\/news.png\",\"contentUrl\":\"https:\/\/www.l-group.ly\/wp-content\/uploads\/2024\/01\/news.png\"},{\"@type\":\"BreadcrumbList\",\"@id\":\"https:\/\/www.l-group.ly\/news\/#breadcrumb\",\"itemListElement\":[{\"@type\":\"ListItem\",\"position\":1,\"name\":\"Home\",\"item\":\"https:\/\/www.l-group.ly\/fr\/\"},{\"@type\":\"ListItem\",\"position\":2,\"name\":\"Nouveaut\u00e9s\"}]},{\"@type\":\"WebSite\",\"@id\":\"https:\/\/www.l-group.ly\/ar\/#website\",\"url\":\"https:\/\/www.l-group.ly\/ar\/\",\"name\":\"L-Group\",\"description\":\"Renewable Energy\",\"publisher\":{\"@id\":\"https:\/\/www.l-group.ly\/ar\/#organization\"},\"potentialAction\":[{\"@type\":\"SearchAction\",\"target\":{\"@type\":\"EntryPoint\",\"urlTemplate\":\"https:\/\/www.l-group.ly\/ar\/?s={search_term_string}\"},\"query-input\":{\"@type\":\"PropertyValueSpecification\",\"valueRequired\":true,\"valueName\":\"search_term_string\"}}],\"inLanguage\":\"fr-FR\"},{\"@type\":\"Organization\",\"@id\":\"https:\/\/www.l-group.ly\/ar\/#organization\",\"name\":\"L-Group\",\"url\":\"https:\/\/www.l-group.ly\/ar\/\",\"logo\":{\"@type\":\"ImageObject\",\"inLanguage\":\"fr-FR\",\"@id\":\"https:\/\/www.l-group.ly\/ar\/#\/schema\/logo\/image\/\",\"url\":\"https:\/\/www.l-group.ly\/wp-content\/uploads\/2024\/01\/cropped-lighting.png\",\"contentUrl\":\"https:\/\/www.l-group.ly\/wp-content\/uploads\/2024\/01\/cropped-lighting.png\",\"width\":125,\"height\":63,\"caption\":\"L-Group\"},\"image\":{\"@id\":\"https:\/\/www.l-group.ly\/ar\/#\/schema\/logo\/image\/\"}}]}<\/script>\n<!-- \/ Yoast SEO plugin. -->","yoast_head_json":{"title":"Actualit\u00e9s de l'\u00e9nergie solaire en Libye | M\u00e0j du L-Group","description":"D\u00e9couvrez les derni\u00e8res nouvelles concernant les projets d'\u00e9nergie solaire, les installations et les solutions d'\u00e9nergie renouvelable en Libye avec L-Group","robots":{"index":"index","follow":"follow","max-snippet":"max-snippet:-1","max-image-preview":"max-image-preview:large","max-video-preview":"max-video-preview:-1"},"canonical":"https:\/\/www.l-group.ly\/fr\/news\/","og_locale":"fr_FR","og_type":"article","og_title":"Actualit\u00e9s de l'\u00e9nergie solaire en Libye | M\u00e0j du L-Group","og_description":"D\u00e9couvrez les derni\u00e8res nouvelles concernant les projets d'\u00e9nergie solaire, les installations et les solutions d'\u00e9nergie renouvelable en Libye avec L-Group","og_url":"https:\/\/www.l-group.ly\/news\/","og_site_name":"L-Group","article_modified_time":"2024-09-24T16:56:40+00:00","og_image":[{"url":"https:\/\/www.l-group.ly\/wp-content\/uploads\/2024\/01\/news.png"}],"twitter_card":"summary_large_image","twitter_misc":{"Dur\u00e9e de lecture estim\u00e9e":"1 minute"},"schema":{"@context":"https:\/\/schema.org","@graph":[{"@type":"WebPage","@id":"https:\/\/www.l-group.ly\/news\/","url":"https:\/\/www.l-group.ly\/news\/","name":"Actualit\u00e9s de l'\u00e9nergie solaire en Libye | M\u00e0j du L-Group","isPartOf":{"@id":"https:\/\/www.l-group.ly\/ar\/#website"},"primaryImageOfPage":{"@id":"https:\/\/www.l-group.ly\/news\/#primaryimage"},"image":{"@id":"https:\/\/www.l-group.ly\/news\/#primaryimage"},"thumbnailUrl":"https:\/\/www.l-group.ly\/wp-content\/uploads\/2024\/01\/news.png","datePublished":"2024-01-26T16:12:56+00:00","dateModified":"2024-09-24T16:56:40+00:00","description":"D\u00e9couvrez les derni\u00e8res nouvelles concernant les projets d'\u00e9nergie solaire, les installations et les solutions d'\u00e9nergie renouvelable en Libye avec L-Group","breadcrumb":{"@id":"https:\/\/www.l-group.ly\/news\/#breadcrumb"},"inLanguage":"fr-FR","potentialAction":[{"@type":"ReadAction","target":["https:\/\/www.l-group.ly\/news\/"]}]},{"@type":"ImageObject","inLanguage":"fr-FR","@id":"https:\/\/www.l-group.ly\/news\/#primaryimage","url":"https:\/\/www.l-group.ly\/wp-content\/uploads\/2024\/01\/news.png","contentUrl":"https:\/\/www.l-group.ly\/wp-content\/uploads\/2024\/01\/news.png"},{"@type":"BreadcrumbList","@id":"https:\/\/www.l-group.ly\/news\/#breadcrumb","itemListElement":[{"@type":"ListItem","position":1,"name":"Home","item":"https:\/\/www.l-group.ly\/fr\/"},{"@type":"ListItem","position":2,"name":"Nouveaut\u00e9s"}]},{"@type":"WebSite","@id":"https:\/\/www.l-group.ly\/ar\/#website","url":"https:\/\/www.l-group.ly\/ar\/","name":"L-Group","description":"Renewable Energy","publisher":{"@id":"https:\/\/www.l-group.ly\/ar\/#organization"},"potentialAction":[{"@type":"SearchAction","target":{"@type":"EntryPoint","urlTemplate":"https:\/\/www.l-group.ly\/ar\/?s={search_term_string}"},"query-input":{"@type":"PropertyValueSpecification","valueRequired":true,"valueName":"search_term_string"}}],"inLanguage":"fr-FR"},{"@type":"Organization","@id":"https:\/\/www.l-group.ly\/ar\/#organization","name":"L-Group","url":"https:\/\/www.l-group.ly\/ar\/","logo":{"@type":"ImageObject","inLanguage":"fr-FR","@id":"https:\/\/www.l-group.ly\/ar\/#\/schema\/logo\/image\/","url":"https:\/\/www.l-group.ly\/wp-content\/uploads\/2024\/01\/cropped-lighting.png","contentUrl":"https:\/\/www.l-group.ly\/wp-content\/uploads\/2024\/01\/cropped-lighting.png","width":125,"height":63,"caption":"L-Group"},"image":{"@id":"https:\/\/www.l-group.ly\/ar\/#\/schema\/logo\/image\/"}}]}},"_links":{"self":[{"href":"https:\/\/www.l-group.ly\/fr\/wp-json\/wp\/v2\/pages\/2688","targetHints":{"allow":["GET"]}}],"collection":[{"href":"https:\/\/www.l-group.ly\/fr\/wp-json\/wp\/v2\/pages"}],"about":[{"href":"https:\/\/www.l-group.ly\/fr\/wp-json\/wp\/v2\/types\/page"}],"author":[{"embeddable":true,"href":"https:\/\/www.l-group.ly\/fr\/wp-json\/wp\/v2\/users\/1"}],"replies":[{"embeddable":true,"href":"https:\/\/www.l-group.ly\/fr\/wp-json\/wp\/v2\/comments?post=2688"}],"version-history":[{"count":5,"href":"https:\/\/www.l-group.ly\/fr\/wp-json\/wp\/v2\/pages\/2688\/revisions"}],"predecessor-version":[{"id":3929,"href":"https:\/\/www.l-group.ly\/fr\/wp-json\/wp\/v2\/pages\/2688\/revisions\/3929"}],"wp:attachment":[{"href":"https:\/\/www.l-group.ly\/fr\/wp-json\/wp\/v2\/media?parent=2688"}],"curies":[{"name":"wp","href":"https:\/\/api.w.org\/{rel}","templated":true}]}}