{"id":3015,"date":"2024-02-05T14:06:36","date_gmt":"2024-02-05T14:06:36","guid":{"rendered":"https:\/\/www.l-group.ly\/?page_id=3015"},"modified":"2024-09-24T16:11:09","modified_gmt":"2024-09-24T16:11:09","slug":"our-residential-solutions","status":"publish","type":"page","link":"https:\/\/www.l-group.ly\/fr\/our-residential-solutions\/","title":{"rendered":"\u062d\u0644\u0648\u0644\u0646\u0627 \u0627\u0644\u0633\u0643\u0646\u064a\u0629"},"content":{"rendered":"\t\t<div data-elementor-type=\"wp-post\" data-elementor-id=\"3015\" class=\"elementor elementor-3015\">\n\t\t\t\t\t\t\t\t\t<section class=\"elementor-section elementor-top-section elementor-element elementor-element-0cdf186 elementor-section-full_width elementor-section-stretched elementor-section-height-default elementor-section-height-default\" data-id=\"0cdf186\" data-element_type=\"section\" data-settings=\"{&quot;stretch_section&quot;:&quot;section-stretched&quot;}\">\n\t\t\t\t\t\t<div class=\"elementor-container elementor-column-gap-default\">\n\t\t\t\t\t<div class=\"aux-parallax-section elementor-column elementor-col-100 elementor-top-column elementor-element elementor-element-b537719\" data-id=\"b537719\" data-element_type=\"column\">\n\t\t\t<div class=\"elementor-widget-wrap elementor-element-populated\">\n\t\t\t\t\t\t\t\t<div class=\"elementor-element elementor-element-7520465 elementor-widget elementor-widget-image\" data-id=\"7520465\" data-element_type=\"widget\" data-widget_type=\"image.default\">\n\t\t\t\t<div class=\"elementor-widget-container\">\n\t\t\t\t\t\t\t\t\t\t\t\t\t\t\t<img decoding=\"async\" src=\"https:\/\/www.l-group.ly\/wp-content\/uploads\/elementor\/thumbs\/smart-house-qrdy8z2gl0isr4g540tozv33w45eh8iv0ly6zpb5pk.png\" title=\"smart-house\" alt=\"smart-house\" loading=\"lazy\" \/>\t\t\t\t\t\t\t\t\t\t\t\t\t\t\t<\/div>\n\t\t\t\t<\/div>\n\t\t\t\t\t<\/div>\n\t\t<\/div>\n\t\t\t\t\t\t\t<\/div>\n\t\t<\/section>\n\t\t\t\t<section class=\"elementor-section elementor-top-section elementor-element elementor-element-91e2c80 elementor-section-boxed elementor-section-height-default elementor-section-height-default\" data-id=\"91e2c80\" data-element_type=\"section\">\n\t\t\t\t\t\t<div class=\"elementor-container elementor-column-gap-default\">\n\t\t\t\t\t<div class=\"aux-parallax-section elementor-column elementor-col-100 elementor-top-column elementor-element elementor-element-bbe4d3c\" data-id=\"bbe4d3c\" data-element_type=\"column\">\n\t\t\t<div class=\"elementor-widget-wrap elementor-element-populated\">\n\t\t\t\t\t\t\t\t<div class=\"elementor-element elementor-element-0b8e713 aux-appear-watch-animation aux-fade-in-up elementor-widget elementor-widget-aux_modern_heading\" data-id=\"0b8e713\" data-element_type=\"widget\" data-widget_type=\"aux_modern_heading.default\">\n\t\t\t\t<div class=\"elementor-widget-container\">\n\t\t\t<section class=\"aux-widget-modern-heading\">\n            <div class=\"aux-widget-inner\"><div class=\"aux-modern-heading-divider\"><\/div><h2 class=\"aux-modern-heading-primary\">Nos services<\/h2><h3 class=\"aux-modern-heading-secondary\"><span class=\"aux-head-before\">Description du syst\u00e8me familial intelligent facile de 6 kW<\/span><\/h3><div class=\"aux-modern-heading-description\"><p>Exp\u00e9rimentez un contr\u00f4le intelligent de votre consommation d'\u00e9nergie, vous permettant de prendre des d\u00e9cisions \u00e9clair\u00e9es pour un mode de vie plus durable et rentable.<\/p><\/div><\/div>\n        <\/section>\t\t<\/div>\n\t\t\t\t<\/div>\n\t\t\t\t\t<\/div>\n\t\t<\/div>\n\t\t\t\t\t\t\t<\/div>\n\t\t<\/section>\n\t\t\t\t<section class=\"elementor-section elementor-top-section elementor-element elementor-element-0daf5a7 elementor-section-boxed elementor-section-height-default elementor-section-height-default\" data-id=\"0daf5a7\" data-element_type=\"section\">\n\t\t\t\t\t\t<div class=\"elementor-container elementor-column-gap-default\">\n\t\t\t\t\t<div class=\"aux-parallax-section elementor-column elementor-col-66 elementor-top-column elementor-element elementor-element-a7f7d6b\" data-id=\"a7f7d6b\" data-element_type=\"column\">\n\t\t\t<div class=\"elementor-widget-wrap elementor-element-populated\">\n\t\t\t\t\t\t\t\t<div class=\"elementor-element elementor-element-905e899 elementor-widget elementor-widget-image\" data-id=\"905e899\" data-element_type=\"widget\" data-widget_type=\"image.default\">\n\t\t\t\t<div class=\"elementor-widget-container\">\n\t\t\t\t\t\t\t\t\t\t\t\t\t\t\t<img fetchpriority=\"high\" decoding=\"async\" width=\"1024\" height=\"811\" src=\"https:\/\/www.l-group.ly\/wp-content\/uploads\/2024\/01\/3family-system@72x-1024x811-1.webp\" class=\"attachment-large size-large wp-image-913\" alt=\"\" srcset=\"https:\/\/www.l-group.ly\/wp-content\/uploads\/2024\/01\/3family-system@72x-1024x811-1.webp 1024w, https:\/\/www.l-group.ly\/wp-content\/uploads\/2024\/01\/3family-system@72x-1024x811-1-600x475.webp 600w, https:\/\/www.l-group.ly\/wp-content\/uploads\/2024\/01\/3family-system@72x-1024x811-1-200x158.webp 200w\" sizes=\"(max-width: 1024px) 100vw, 1024px\" \/>\t\t\t\t\t\t\t\t\t\t\t\t\t\t\t<\/div>\n\t\t\t\t<\/div>\n\t\t\t\t\t<\/div>\n\t\t<\/div>\n\t\t\t\t<div class=\"aux-parallax-section elementor-column elementor-col-33 elementor-top-column elementor-element elementor-element-7f89d31\" data-id=\"7f89d31\" data-element_type=\"column\">\n\t\t\t<div class=\"elementor-widget-wrap elementor-element-populated\">\n\t\t\t\t\t\t\t\t<section class=\"elementor-section elementor-inner-section elementor-element elementor-element-6badd37 elementor-section-boxed elementor-section-height-default elementor-section-height-default\" data-id=\"6badd37\" data-element_type=\"section\">\n\t\t\t\t\t\t<div class=\"elementor-container elementor-column-gap-default\">\n\t\t\t\t\t<div class=\"aux-parallax-section elementor-column elementor-col-100 elementor-inner-column elementor-element elementor-element-4c72e60\" data-id=\"4c72e60\" data-element_type=\"column\">\n\t\t\t<div class=\"elementor-widget-wrap elementor-element-populated\">\n\t\t\t\t\t\t\t\t<div class=\"elementor-element elementor-element-18b21e9 elementor-invisible elementor-widget elementor-widget-image\" data-id=\"18b21e9\" data-element_type=\"widget\" data-settings=\"{&quot;_animation&quot;:&quot;fadeInRight&quot;}\" data-widget_type=\"image.default\">\n\t\t\t\t<div class=\"elementor-widget-container\">\n\t\t\t\t\t\t\t\t\t\t\t\t\t\t\t<img decoding=\"async\" width=\"400\" height=\"200\" src=\"https:\/\/www.l-group.ly\/wp-content\/uploads\/2024\/02\/01.png\" class=\"attachment-full size-full wp-image-3144\" alt=\"\" srcset=\"https:\/\/www.l-group.ly\/wp-content\/uploads\/2024\/02\/01.png 400w, https:\/\/www.l-group.ly\/wp-content\/uploads\/2024\/02\/01-200x100.png 200w\" sizes=\"(max-width: 400px) 100vw, 400px\" \/>\t\t\t\t\t\t\t\t\t\t\t\t\t\t\t<\/div>\n\t\t\t\t<\/div>\n\t\t\t\t\t<\/div>\n\t\t<\/div>\n\t\t\t\t\t\t\t<\/div>\n\t\t<\/section>\n\t\t\t\t<section class=\"elementor-section elementor-inner-section elementor-element elementor-element-4aab8e8 elementor-section-boxed elementor-section-height-default elementor-section-height-default\" data-id=\"4aab8e8\" data-element_type=\"section\">\n\t\t\t\t\t\t<div class=\"elementor-container elementor-column-gap-default\">\n\t\t\t\t\t<div class=\"aux-parallax-section elementor-column elementor-col-100 elementor-inner-column elementor-element elementor-element-08843eb\" data-id=\"08843eb\" data-element_type=\"column\">\n\t\t\t<div class=\"elementor-widget-wrap elementor-element-populated\">\n\t\t\t\t\t\t\t\t<div class=\"elementor-element elementor-element-8899a39 elementor-invisible elementor-widget elementor-widget-image\" data-id=\"8899a39\" data-element_type=\"widget\" data-settings=\"{&quot;_animation&quot;:&quot;fadeInRight&quot;}\" data-widget_type=\"image.default\">\n\t\t\t\t<div class=\"elementor-widget-container\">\n\t\t\t\t\t\t\t\t\t\t\t\t\t\t\t<img decoding=\"async\" width=\"400\" height=\"200\" src=\"https:\/\/www.l-group.ly\/wp-content\/uploads\/2024\/02\/02.png\" class=\"attachment-large size-large wp-image-3147\" alt=\"\" srcset=\"https:\/\/www.l-group.ly\/wp-content\/uploads\/2024\/02\/02.png 400w, https:\/\/www.l-group.ly\/wp-content\/uploads\/2024\/02\/02-200x100.png 200w\" sizes=\"(max-width: 400px) 100vw, 400px\" \/>\t\t\t\t\t\t\t\t\t\t\t\t\t\t\t<\/div>\n\t\t\t\t<\/div>\n\t\t\t\t\t<\/div>\n\t\t<\/div>\n\t\t\t\t\t\t\t<\/div>\n\t\t<\/section>\n\t\t\t\t<section class=\"elementor-section elementor-inner-section elementor-element elementor-element-9720351 elementor-section-boxed elementor-section-height-default elementor-section-height-default\" data-id=\"9720351\" data-element_type=\"section\">\n\t\t\t\t\t\t<div class=\"elementor-container elementor-column-gap-default\">\n\t\t\t\t\t<div class=\"aux-parallax-section elementor-column elementor-col-100 elementor-inner-column elementor-element elementor-element-2ee1888\" data-id=\"2ee1888\" data-element_type=\"column\">\n\t\t\t<div class=\"elementor-widget-wrap elementor-element-populated\">\n\t\t\t\t\t\t\t\t<div class=\"elementor-element elementor-element-e0cf127 elementor-invisible elementor-widget elementor-widget-image\" data-id=\"e0cf127\" data-element_type=\"widget\" data-settings=\"{&quot;_animation&quot;:&quot;fadeInRight&quot;}\" data-widget_type=\"image.default\">\n\t\t\t\t<div class=\"elementor-widget-container\">\n\t\t\t\t\t\t\t\t\t\t\t\t\t\t\t<img loading=\"lazy\" decoding=\"async\" width=\"400\" height=\"200\" src=\"https:\/\/www.l-group.ly\/wp-content\/uploads\/2024\/02\/bg.png\" class=\"attachment-full size-full wp-image-3150\" alt=\"\" srcset=\"https:\/\/www.l-group.ly\/wp-content\/uploads\/2024\/02\/bg.png 400w, https:\/\/www.l-group.ly\/wp-content\/uploads\/2024\/02\/bg-200x100.png 200w\" sizes=\"(max-width: 400px) 100vw, 400px\" \/>\t\t\t\t\t\t\t\t\t\t\t\t\t\t\t<\/div>\n\t\t\t\t<\/div>\n\t\t\t\t\t<\/div>\n\t\t<\/div>\n\t\t\t\t\t\t\t<\/div>\n\t\t<\/section>\n\t\t\t\t<section class=\"elementor-section elementor-inner-section elementor-element elementor-element-377903e elementor-section-boxed elementor-section-height-default elementor-section-height-default\" data-id=\"377903e\" data-element_type=\"section\">\n\t\t\t\t\t\t<div class=\"elementor-container elementor-column-gap-default\">\n\t\t\t\t\t<div class=\"aux-parallax-section elementor-column elementor-col-100 elementor-inner-column elementor-element elementor-element-c87fb84\" data-id=\"c87fb84\" data-element_type=\"column\">\n\t\t\t<div class=\"elementor-widget-wrap elementor-element-populated\">\n\t\t\t\t\t\t\t\t<div class=\"elementor-element elementor-element-bc38086 elementor-invisible elementor-widget elementor-widget-image\" data-id=\"bc38086\" data-element_type=\"widget\" data-settings=\"{&quot;_animation&quot;:&quot;fadeInRight&quot;}\" data-widget_type=\"image.default\">\n\t\t\t\t<div class=\"elementor-widget-container\">\n\t\t\t\t\t\t\t\t\t\t\t\t\t\t\t<img loading=\"lazy\" decoding=\"async\" width=\"400\" height=\"200\" src=\"https:\/\/www.l-group.ly\/wp-content\/uploads\/2024\/02\/mlo.png\" class=\"attachment-full size-full wp-image-3153\" alt=\"\" srcset=\"https:\/\/www.l-group.ly\/wp-content\/uploads\/2024\/02\/mlo.png 400w, https:\/\/www.l-group.ly\/wp-content\/uploads\/2024\/02\/mlo-200x100.png 200w\" sizes=\"(max-width: 400px) 100vw, 400px\" \/>\t\t\t\t\t\t\t\t\t\t\t\t\t\t\t<\/div>\n\t\t\t\t<\/div>\n\t\t\t\t\t<\/div>\n\t\t<\/div>\n\t\t\t\t\t\t\t<\/div>\n\t\t<\/section>\n\t\t\t\t\t<\/div>\n\t\t<\/div>\n\t\t\t\t\t\t\t<\/div>\n\t\t<\/section>\n\t\t\t\t\t\t\t<\/div>\n\t\t","protected":false},"excerpt":{"rendered":"<p>Nos services Description du syst\u00e8me familial intelligent facile de 6 kW Exp\u00e9rimentez un contr\u00f4le intelligent de votre consommation d&rsquo;\u00e9nergie, vous permettant de prendre des d\u00e9cisions \u00e9clair\u00e9es pour un mode de vie plus durable et rentable.<\/p>\n","protected":false},"author":2,"featured_media":0,"parent":0,"menu_order":0,"comment_status":"closed","ping_status":"closed","template":"","meta":{"footnotes":""},"class_list":["post-3015","page","type-page","status-publish","hentry"],"yoast_head":"<!-- This site is optimized with the Yoast SEO plugin v23.4 - https:\/\/yoast.com\/wordpress\/plugins\/seo\/ -->\n<title>Panneaux et syst\u00e8mes solaires domestiques en Libye | L-Group<\/title>\n<meta name=\"description\" content=\"Obtenez des panneaux solaires et des syst\u00e8mes d&#039;\u00e9nergie fiables en Libye. Commencez \u00e0 \u00e9conomiser avec les installations solaires pour votre maison.\" \/>\n<meta name=\"robots\" content=\"index, follow, max-snippet:-1, max-image-preview:large, max-video-preview:-1\" \/>\n<link rel=\"canonical\" href=\"https:\/\/www.l-group.ly\/fr\/our-residential-solutions\/\" \/>\n<meta property=\"og:locale\" content=\"fr_FR\" \/>\n<meta property=\"og:type\" content=\"article\" \/>\n<meta property=\"og:title\" content=\"Panneaux et syst\u00e8mes solaires domestiques en Libye | L-Group\" \/>\n<meta property=\"og:description\" content=\"Obtenez des panneaux solaires et des syst\u00e8mes d&#039;\u00e9nergie fiables en Libye. Commencez \u00e0 \u00e9conomiser avec les installations solaires pour votre maison.\" \/>\n<meta property=\"og:url\" content=\"https:\/\/www.l-group.ly\/our-residential-solutions\/\" \/>\n<meta property=\"og:site_name\" content=\"L-Group\" \/>\n<meta property=\"article:modified_time\" content=\"2024-09-24T16:11:09+00:00\" \/>\n<meta property=\"og:image\" content=\"https:\/\/www.l-group.ly\/wp-content\/uploads\/elementor\/thumbs\/smart-house-qj2j9co42k2239gkbj5x4timcbrs8d8pn03r3gc1s0.png\" \/>\n<meta name=\"twitter:card\" content=\"summary_large_image\" \/>\n<meta name=\"twitter:label1\" content=\"Dur\u00e9e de lecture estim\u00e9e\" \/>\n\t<meta name=\"twitter:data1\" content=\"2 minutes\" \/>\n<script type=\"application\/ld+json\" class=\"yoast-schema-graph\">{\"@context\":\"https:\/\/schema.org\",\"@graph\":[{\"@type\":\"WebPage\",\"@id\":\"https:\/\/www.l-group.ly\/our-residential-solutions\/\",\"url\":\"https:\/\/www.l-group.ly\/our-residential-solutions\/\",\"name\":\"Panneaux et syst\u00e8mes solaires domestiques en Libye | L-Group\",\"isPartOf\":{\"@id\":\"https:\/\/www.l-group.ly\/ar\/#website\"},\"primaryImageOfPage\":{\"@id\":\"https:\/\/www.l-group.ly\/our-residential-solutions\/#primaryimage\"},\"image\":{\"@id\":\"https:\/\/www.l-group.ly\/our-residential-solutions\/#primaryimage\"},\"thumbnailUrl\":\"https:\/\/www.l-group.ly\/wp-content\/uploads\/elementor\/thumbs\/smart-house-qj2j9co42k2239gkbj5x4timcbrs8d8pn03r3gc1s0.png\",\"datePublished\":\"2024-02-05T14:06:36+00:00\",\"dateModified\":\"2024-09-24T16:11:09+00:00\",\"description\":\"Obtenez des panneaux solaires et des syst\u00e8mes d'\u00e9nergie fiables en Libye. Commencez \u00e0 \u00e9conomiser avec les installations solaires pour votre maison.\",\"breadcrumb\":{\"@id\":\"https:\/\/www.l-group.ly\/our-residential-solutions\/#breadcrumb\"},\"inLanguage\":\"fr-FR\",\"potentialAction\":[{\"@type\":\"ReadAction\",\"target\":[\"https:\/\/www.l-group.ly\/our-residential-solutions\/\"]}]},{\"@type\":\"ImageObject\",\"inLanguage\":\"fr-FR\",\"@id\":\"https:\/\/www.l-group.ly\/our-residential-solutions\/#primaryimage\",\"url\":\"https:\/\/www.l-group.ly\/wp-content\/uploads\/elementor\/thumbs\/smart-house-qj2j9co42k2239gkbj5x4timcbrs8d8pn03r3gc1s0.png\",\"contentUrl\":\"https:\/\/www.l-group.ly\/wp-content\/uploads\/elementor\/thumbs\/smart-house-qj2j9co42k2239gkbj5x4timcbrs8d8pn03r3gc1s0.png\"},{\"@type\":\"BreadcrumbList\",\"@id\":\"https:\/\/www.l-group.ly\/our-residential-solutions\/#breadcrumb\",\"itemListElement\":[{\"@type\":\"ListItem\",\"position\":1,\"name\":\"Home\",\"item\":\"https:\/\/www.l-group.ly\/fr\/\"},{\"@type\":\"ListItem\",\"position\":2,\"name\":\"\u062d\u0644\u0648\u0644\u0646\u0627 \u0627\u0644\u0633\u0643\u0646\u064a\u0629\"}]},{\"@type\":\"WebSite\",\"@id\":\"https:\/\/www.l-group.ly\/ar\/#website\",\"url\":\"https:\/\/www.l-group.ly\/ar\/\",\"name\":\"L-Group\",\"description\":\"Renewable Energy\",\"publisher\":{\"@id\":\"https:\/\/www.l-group.ly\/ar\/#organization\"},\"potentialAction\":[{\"@type\":\"SearchAction\",\"target\":{\"@type\":\"EntryPoint\",\"urlTemplate\":\"https:\/\/www.l-group.ly\/ar\/?s={search_term_string}\"},\"query-input\":{\"@type\":\"PropertyValueSpecification\",\"valueRequired\":true,\"valueName\":\"search_term_string\"}}],\"inLanguage\":\"fr-FR\"},{\"@type\":\"Organization\",\"@id\":\"https:\/\/www.l-group.ly\/ar\/#organization\",\"name\":\"L-Group\",\"url\":\"https:\/\/www.l-group.ly\/ar\/\",\"logo\":{\"@type\":\"ImageObject\",\"inLanguage\":\"fr-FR\",\"@id\":\"https:\/\/www.l-group.ly\/ar\/#\/schema\/logo\/image\/\",\"url\":\"https:\/\/www.l-group.ly\/wp-content\/uploads\/2024\/01\/cropped-lighting.png\",\"contentUrl\":\"https:\/\/www.l-group.ly\/wp-content\/uploads\/2024\/01\/cropped-lighting.png\",\"width\":125,\"height\":63,\"caption\":\"L-Group\"},\"image\":{\"@id\":\"https:\/\/www.l-group.ly\/ar\/#\/schema\/logo\/image\/\"}}]}<\/script>\n<!-- \/ Yoast SEO plugin. -->","yoast_head_json":{"title":"Panneaux et syst\u00e8mes solaires domestiques en Libye | L-Group","description":"Obtenez des panneaux solaires et des syst\u00e8mes d'\u00e9nergie fiables en Libye. Commencez \u00e0 \u00e9conomiser avec les installations solaires pour votre maison.","robots":{"index":"index","follow":"follow","max-snippet":"max-snippet:-1","max-image-preview":"max-image-preview:large","max-video-preview":"max-video-preview:-1"},"canonical":"https:\/\/www.l-group.ly\/fr\/our-residential-solutions\/","og_locale":"fr_FR","og_type":"article","og_title":"Panneaux et syst\u00e8mes solaires domestiques en Libye | L-Group","og_description":"Obtenez des panneaux solaires et des syst\u00e8mes d'\u00e9nergie fiables en Libye. Commencez \u00e0 \u00e9conomiser avec les installations solaires pour votre maison.","og_url":"https:\/\/www.l-group.ly\/our-residential-solutions\/","og_site_name":"L-Group","article_modified_time":"2024-09-24T16:11:09+00:00","og_image":[{"url":"https:\/\/www.l-group.ly\/wp-content\/uploads\/elementor\/thumbs\/smart-house-qj2j9co42k2239gkbj5x4timcbrs8d8pn03r3gc1s0.png"}],"twitter_card":"summary_large_image","twitter_misc":{"Dur\u00e9e de lecture estim\u00e9e":"2 minutes"},"schema":{"@context":"https:\/\/schema.org","@graph":[{"@type":"WebPage","@id":"https:\/\/www.l-group.ly\/our-residential-solutions\/","url":"https:\/\/www.l-group.ly\/our-residential-solutions\/","name":"Panneaux et syst\u00e8mes solaires domestiques en Libye | L-Group","isPartOf":{"@id":"https:\/\/www.l-group.ly\/ar\/#website"},"primaryImageOfPage":{"@id":"https:\/\/www.l-group.ly\/our-residential-solutions\/#primaryimage"},"image":{"@id":"https:\/\/www.l-group.ly\/our-residential-solutions\/#primaryimage"},"thumbnailUrl":"https:\/\/www.l-group.ly\/wp-content\/uploads\/elementor\/thumbs\/smart-house-qj2j9co42k2239gkbj5x4timcbrs8d8pn03r3gc1s0.png","datePublished":"2024-02-05T14:06:36+00:00","dateModified":"2024-09-24T16:11:09+00:00","description":"Obtenez des panneaux solaires et des syst\u00e8mes d'\u00e9nergie fiables en Libye. Commencez \u00e0 \u00e9conomiser avec les installations solaires pour votre maison.","breadcrumb":{"@id":"https:\/\/www.l-group.ly\/our-residential-solutions\/#breadcrumb"},"inLanguage":"fr-FR","potentialAction":[{"@type":"ReadAction","target":["https:\/\/www.l-group.ly\/our-residential-solutions\/"]}]},{"@type":"ImageObject","inLanguage":"fr-FR","@id":"https:\/\/www.l-group.ly\/our-residential-solutions\/#primaryimage","url":"https:\/\/www.l-group.ly\/wp-content\/uploads\/elementor\/thumbs\/smart-house-qj2j9co42k2239gkbj5x4timcbrs8d8pn03r3gc1s0.png","contentUrl":"https:\/\/www.l-group.ly\/wp-content\/uploads\/elementor\/thumbs\/smart-house-qj2j9co42k2239gkbj5x4timcbrs8d8pn03r3gc1s0.png"},{"@type":"BreadcrumbList","@id":"https:\/\/www.l-group.ly\/our-residential-solutions\/#breadcrumb","itemListElement":[{"@type":"ListItem","position":1,"name":"Home","item":"https:\/\/www.l-group.ly\/fr\/"},{"@type":"ListItem","position":2,"name":"\u062d\u0644\u0648\u0644\u0646\u0627 \u0627\u0644\u0633\u0643\u0646\u064a\u0629"}]},{"@type":"WebSite","@id":"https:\/\/www.l-group.ly\/ar\/#website","url":"https:\/\/www.l-group.ly\/ar\/","name":"L-Group","description":"Renewable Energy","publisher":{"@id":"https:\/\/www.l-group.ly\/ar\/#organization"},"potentialAction":[{"@type":"SearchAction","target":{"@type":"EntryPoint","urlTemplate":"https:\/\/www.l-group.ly\/ar\/?s={search_term_string}"},"query-input":{"@type":"PropertyValueSpecification","valueRequired":true,"valueName":"search_term_string"}}],"inLanguage":"fr-FR"},{"@type":"Organization","@id":"https:\/\/www.l-group.ly\/ar\/#organization","name":"L-Group","url":"https:\/\/www.l-group.ly\/ar\/","logo":{"@type":"ImageObject","inLanguage":"fr-FR","@id":"https:\/\/www.l-group.ly\/ar\/#\/schema\/logo\/image\/","url":"https:\/\/www.l-group.ly\/wp-content\/uploads\/2024\/01\/cropped-lighting.png","contentUrl":"https:\/\/www.l-group.ly\/wp-content\/uploads\/2024\/01\/cropped-lighting.png","width":125,"height":63,"caption":"L-Group"},"image":{"@id":"https:\/\/www.l-group.ly\/ar\/#\/schema\/logo\/image\/"}}]}},"_links":{"self":[{"href":"https:\/\/www.l-group.ly\/fr\/wp-json\/wp\/v2\/pages\/3015","targetHints":{"allow":["GET"]}}],"collection":[{"href":"https:\/\/www.l-group.ly\/fr\/wp-json\/wp\/v2\/pages"}],"about":[{"href":"https:\/\/www.l-group.ly\/fr\/wp-json\/wp\/v2\/types\/page"}],"author":[{"embeddable":true,"href":"https:\/\/www.l-group.ly\/fr\/wp-json\/wp\/v2\/users\/2"}],"replies":[{"embeddable":true,"href":"https:\/\/www.l-group.ly\/fr\/wp-json\/wp\/v2\/comments?post=3015"}],"version-history":[{"count":14,"href":"https:\/\/www.l-group.ly\/fr\/wp-json\/wp\/v2\/pages\/3015\/revisions"}],"predecessor-version":[{"id":3902,"href":"https:\/\/www.l-group.ly\/fr\/wp-json\/wp\/v2\/pages\/3015\/revisions\/3902"}],"wp:attachment":[{"href":"https:\/\/www.l-group.ly\/fr\/wp-json\/wp\/v2\/media?parent=3015"}],"curies":[{"name":"wp","href":"https:\/\/api.w.org\/{rel}","templated":true}]}}