{"id":2469,"date":"2024-01-29T09:41:33","date_gmt":"2024-01-29T09:41:33","guid":{"rendered":"https:\/\/www.l-group.ly\/product\/monocrystalline-550w\/"},"modified":"2024-02-09T13:34:10","modified_gmt":"2024-02-09T13:34:10","slug":"monocrystalline-550w","status":"publish","type":"product","link":"https:\/\/www.l-group.ly\/fr\/product\/monocrystalline-550w\/","title":{"rendered":"Monocristallin (550W)"},"content":{"rendered":"","protected":false},"excerpt":{"rendered":"<table>\n<tbody>\n<tr>\n<td style=\"background-color: #2055e8; color: white;\">Dimensions<\/td>\n<td style=\"background-color: #2055e8; color: white;\">2279x1134x35mm<\/td>\n<\/tr>\n<tr>\n<td style=\"background-color: #ff7700; color: white;\">Poids<\/td>\n<td style=\"background-color: #ff7700; color: white;\">29KGs<\/td>\n<\/tr>\n<tr>\n<td style=\"background-color: #2055e8; color: white;\">Efficacit\u00e9<\/td>\n<td style=\"background-color: #2055e8; color: white;\">22%<\/td>\n<\/tr>\n<tr>\n<td style=\"background-color: #ff7700; color: white;\">Garantie<\/td>\n<td style=\"background-color: #ff7700; color: white;\">12 ans pour les mat\u00e9riaux et la main-d&rsquo;\u0153uvre + 25 ans pour la production d&rsquo;\u00e9nergie lin\u00e9aire<\/td>\n<\/tr>\n<\/tbody>\n<\/table>\n<div class=\"elementor-element elementor-element-6d22b56 elementor-widget__width-auto elementor-hidden-tablet elementor-hidden-phone elementor-widget elementor-widget-aux_button\" data-id=\"6d22b56\" data-element_type=\"widget\" data-widget_type=\"aux_button.default\">\n<div class=\"elementor-widget-container\"><a class=\"aux-button aux-medium aux-carmine-pink aux-curve aux-none aux-uppercase\" href=\"https:\/\/www.l-group.ly\/fr\/demande-de-devis\/\" target=\"_self\" rel=\"noopener\"><span class=\"aux-text\">Demande de devis<\/span><\/a><\/div>\n<\/div>\n","protected":false},"featured_media":2470,"comment_status":"open","ping_status":"closed","template":"","meta":[],"product_cat":[52],"product_tag":[],"class_list":{"0":"post-2469","1":"product","2":"type-product","3":"status-publish","4":"has-post-thumbnail","6":"product_cat-panneaux-solaires-fr","8":"first","9":"instock","10":"shipping-taxable","11":"product-type-simple"},"yoast_head":"<!-- This site is optimized with the Yoast SEO plugin v23.4 - https:\/\/yoast.com\/wordpress\/plugins\/seo\/ -->\n<title>Monocristallin (550W) | L-Group<\/title>\n<meta name=\"description\" content=\"Dimensions 2279x1134x35mm   Poids 29KGs   Efficacit\u00e9 22%   Garantie 12 ans pour les mat\u00e9riaux et la main-d&#039;\u0153uvre + 25 ans pour la production d&#039;\u00e9nergie lin\u00e9aire     Demande de devis\" \/>\n<meta name=\"robots\" content=\"index, follow, max-snippet:-1, max-image-preview:large, max-video-preview:-1\" \/>\n<link rel=\"canonical\" href=\"https:\/\/www.l-group.ly\/fr\/product\/monocrystalline-550w\/\" \/>\n<meta property=\"og:locale\" content=\"fr_FR\" \/>\n<meta property=\"og:type\" content=\"article\" \/>\n<meta property=\"og:title\" content=\"Monocristallin (550W) | L-Group\" \/>\n<meta property=\"og:description\" content=\"Dimensions 2279x1134x35mm   Poids 29KGs   Efficacit\u00e9 22%   Garantie 12 ans pour les mat\u00e9riaux et la main-d&#039;\u0153uvre + 25 ans pour la production d&#039;\u00e9nergie lin\u00e9aire     Demande de devis\" \/>\n<meta property=\"og:url\" content=\"https:\/\/www.l-group.ly\/product\/monocrystalline-550w\/\" \/>\n<meta property=\"og:site_name\" content=\"L-Group\" \/>\n<meta property=\"article:modified_time\" content=\"2024-02-09T13:34:10+00:00\" \/>\n<meta property=\"og:image\" content=\"https:\/\/www.l-group.ly\/wp-content\/uploads\/2024\/01\/41-1.jpg\" \/>\n\t<meta property=\"og:image:width\" content=\"450\" \/>\n\t<meta property=\"og:image:height\" content=\"500\" \/>\n\t<meta property=\"og:image:type\" content=\"image\/jpeg\" \/>\n<meta name=\"twitter:card\" content=\"summary_large_image\" \/>\n<script type=\"application\/ld+json\" class=\"yoast-schema-graph\">{\"@context\":\"https:\/\/schema.org\",\"@graph\":[{\"@type\":\"WebPage\",\"@id\":\"https:\/\/www.l-group.ly\/product\/monocrystalline-550w\/\",\"url\":\"https:\/\/www.l-group.ly\/product\/monocrystalline-550w\/\",\"name\":\"Monocristallin (550W) | L-Group\",\"isPartOf\":{\"@id\":\"https:\/\/www.l-group.ly\/ar\/#website\"},\"primaryImageOfPage\":{\"@id\":\"https:\/\/www.l-group.ly\/product\/monocrystalline-550w\/#primaryimage\"},\"image\":{\"@id\":\"https:\/\/www.l-group.ly\/product\/monocrystalline-550w\/#primaryimage\"},\"thumbnailUrl\":\"https:\/\/www.l-group.ly\/wp-content\/uploads\/2024\/01\/41-1.jpg\",\"datePublished\":\"2024-01-29T09:41:33+00:00\",\"dateModified\":\"2024-02-09T13:34:10+00:00\",\"description\":\"Dimensions 2279x1134x35mm Poids 29KGs Efficacit\u00e9 22% Garantie 12 ans pour les mat\u00e9riaux et la main-d'\u0153uvre + 25 ans pour la production d'\u00e9nergie lin\u00e9aire Demande de devis\",\"breadcrumb\":{\"@id\":\"https:\/\/www.l-group.ly\/product\/monocrystalline-550w\/#breadcrumb\"},\"inLanguage\":\"fr-FR\",\"potentialAction\":[{\"@type\":\"ReadAction\",\"target\":[\"https:\/\/www.l-group.ly\/product\/monocrystalline-550w\/\"]}]},{\"@type\":\"ImageObject\",\"inLanguage\":\"fr-FR\",\"@id\":\"https:\/\/www.l-group.ly\/product\/monocrystalline-550w\/#primaryimage\",\"url\":\"https:\/\/www.l-group.ly\/wp-content\/uploads\/2024\/01\/41-1.jpg\",\"contentUrl\":\"https:\/\/www.l-group.ly\/wp-content\/uploads\/2024\/01\/41-1.jpg\",\"width\":450,\"height\":500},{\"@type\":\"BreadcrumbList\",\"@id\":\"https:\/\/www.l-group.ly\/product\/monocrystalline-550w\/#breadcrumb\",\"itemListElement\":[{\"@type\":\"ListItem\",\"position\":1,\"name\":\"Home\",\"item\":\"https:\/\/www.l-group.ly\/fr\/\"},{\"@type\":\"ListItem\",\"position\":2,\"name\":\"Products\",\"item\":\"https:\/\/www.l-group.ly\/shop\/\"},{\"@type\":\"ListItem\",\"position\":3,\"name\":\"Monocristallin (550W)\"}]},{\"@type\":\"WebSite\",\"@id\":\"https:\/\/www.l-group.ly\/ar\/#website\",\"url\":\"https:\/\/www.l-group.ly\/ar\/\",\"name\":\"L-Group\",\"description\":\"Renewable Energy\",\"publisher\":{\"@id\":\"https:\/\/www.l-group.ly\/ar\/#organization\"},\"potentialAction\":[{\"@type\":\"SearchAction\",\"target\":{\"@type\":\"EntryPoint\",\"urlTemplate\":\"https:\/\/www.l-group.ly\/ar\/?s={search_term_string}\"},\"query-input\":{\"@type\":\"PropertyValueSpecification\",\"valueRequired\":true,\"valueName\":\"search_term_string\"}}],\"inLanguage\":\"fr-FR\"},{\"@type\":\"Organization\",\"@id\":\"https:\/\/www.l-group.ly\/ar\/#organization\",\"name\":\"L-Group\",\"url\":\"https:\/\/www.l-group.ly\/ar\/\",\"logo\":{\"@type\":\"ImageObject\",\"inLanguage\":\"fr-FR\",\"@id\":\"https:\/\/www.l-group.ly\/ar\/#\/schema\/logo\/image\/\",\"url\":\"https:\/\/www.l-group.ly\/wp-content\/uploads\/2024\/01\/cropped-lighting.png\",\"contentUrl\":\"https:\/\/www.l-group.ly\/wp-content\/uploads\/2024\/01\/cropped-lighting.png\",\"width\":125,\"height\":63,\"caption\":\"L-Group\"},\"image\":{\"@id\":\"https:\/\/www.l-group.ly\/ar\/#\/schema\/logo\/image\/\"}}]}<\/script>\n<!-- \/ Yoast SEO plugin. -->","yoast_head_json":{"title":"Monocristallin (550W) | L-Group","description":"Dimensions 2279x1134x35mm   Poids 29KGs   Efficacit\u00e9 22%   Garantie 12 ans pour les mat\u00e9riaux et la main-d'\u0153uvre + 25 ans pour la production d'\u00e9nergie lin\u00e9aire     Demande de devis","robots":{"index":"index","follow":"follow","max-snippet":"max-snippet:-1","max-image-preview":"max-image-preview:large","max-video-preview":"max-video-preview:-1"},"canonical":"https:\/\/www.l-group.ly\/fr\/product\/monocrystalline-550w\/","og_locale":"fr_FR","og_type":"article","og_title":"Monocristallin (550W) | L-Group","og_description":"Dimensions 2279x1134x35mm   Poids 29KGs   Efficacit\u00e9 22%   Garantie 12 ans pour les mat\u00e9riaux et la main-d'\u0153uvre + 25 ans pour la production d'\u00e9nergie lin\u00e9aire     Demande de devis","og_url":"https:\/\/www.l-group.ly\/product\/monocrystalline-550w\/","og_site_name":"L-Group","article_modified_time":"2024-02-09T13:34:10+00:00","og_image":[{"width":450,"height":500,"url":"https:\/\/www.l-group.ly\/wp-content\/uploads\/2024\/01\/41-1.jpg","type":"image\/jpeg"}],"twitter_card":"summary_large_image","schema":{"@context":"https:\/\/schema.org","@graph":[{"@type":"WebPage","@id":"https:\/\/www.l-group.ly\/product\/monocrystalline-550w\/","url":"https:\/\/www.l-group.ly\/product\/monocrystalline-550w\/","name":"Monocristallin (550W) | L-Group","isPartOf":{"@id":"https:\/\/www.l-group.ly\/ar\/#website"},"primaryImageOfPage":{"@id":"https:\/\/www.l-group.ly\/product\/monocrystalline-550w\/#primaryimage"},"image":{"@id":"https:\/\/www.l-group.ly\/product\/monocrystalline-550w\/#primaryimage"},"thumbnailUrl":"https:\/\/www.l-group.ly\/wp-content\/uploads\/2024\/01\/41-1.jpg","datePublished":"2024-01-29T09:41:33+00:00","dateModified":"2024-02-09T13:34:10+00:00","description":"Dimensions 2279x1134x35mm Poids 29KGs Efficacit\u00e9 22% Garantie 12 ans pour les mat\u00e9riaux et la main-d'\u0153uvre + 25 ans pour la production d'\u00e9nergie lin\u00e9aire Demande de devis","breadcrumb":{"@id":"https:\/\/www.l-group.ly\/product\/monocrystalline-550w\/#breadcrumb"},"inLanguage":"fr-FR","potentialAction":[{"@type":"ReadAction","target":["https:\/\/www.l-group.ly\/product\/monocrystalline-550w\/"]}]},{"@type":"ImageObject","inLanguage":"fr-FR","@id":"https:\/\/www.l-group.ly\/product\/monocrystalline-550w\/#primaryimage","url":"https:\/\/www.l-group.ly\/wp-content\/uploads\/2024\/01\/41-1.jpg","contentUrl":"https:\/\/www.l-group.ly\/wp-content\/uploads\/2024\/01\/41-1.jpg","width":450,"height":500},{"@type":"BreadcrumbList","@id":"https:\/\/www.l-group.ly\/product\/monocrystalline-550w\/#breadcrumb","itemListElement":[{"@type":"ListItem","position":1,"name":"Home","item":"https:\/\/www.l-group.ly\/fr\/"},{"@type":"ListItem","position":2,"name":"Products","item":"https:\/\/www.l-group.ly\/shop\/"},{"@type":"ListItem","position":3,"name":"Monocristallin (550W)"}]},{"@type":"WebSite","@id":"https:\/\/www.l-group.ly\/ar\/#website","url":"https:\/\/www.l-group.ly\/ar\/","name":"L-Group","description":"Renewable Energy","publisher":{"@id":"https:\/\/www.l-group.ly\/ar\/#organization"},"potentialAction":[{"@type":"SearchAction","target":{"@type":"EntryPoint","urlTemplate":"https:\/\/www.l-group.ly\/ar\/?s={search_term_string}"},"query-input":{"@type":"PropertyValueSpecification","valueRequired":true,"valueName":"search_term_string"}}],"inLanguage":"fr-FR"},{"@type":"Organization","@id":"https:\/\/www.l-group.ly\/ar\/#organization","name":"L-Group","url":"https:\/\/www.l-group.ly\/ar\/","logo":{"@type":"ImageObject","inLanguage":"fr-FR","@id":"https:\/\/www.l-group.ly\/ar\/#\/schema\/logo\/image\/","url":"https:\/\/www.l-group.ly\/wp-content\/uploads\/2024\/01\/cropped-lighting.png","contentUrl":"https:\/\/www.l-group.ly\/wp-content\/uploads\/2024\/01\/cropped-lighting.png","width":125,"height":63,"caption":"L-Group"},"image":{"@id":"https:\/\/www.l-group.ly\/ar\/#\/schema\/logo\/image\/"}}]}},"_links":{"self":[{"href":"https:\/\/www.l-group.ly\/fr\/wp-json\/wp\/v2\/product\/2469","targetHints":{"allow":["GET"]}}],"collection":[{"href":"https:\/\/www.l-group.ly\/fr\/wp-json\/wp\/v2\/product"}],"about":[{"href":"https:\/\/www.l-group.ly\/fr\/wp-json\/wp\/v2\/types\/product"}],"replies":[{"embeddable":true,"href":"https:\/\/www.l-group.ly\/fr\/wp-json\/wp\/v2\/comments?post=2469"}],"wp:featuredmedia":[{"embeddable":true,"href":"https:\/\/www.l-group.ly\/fr\/wp-json\/wp\/v2\/media\/2470"}],"wp:attachment":[{"href":"https:\/\/www.l-group.ly\/fr\/wp-json\/wp\/v2\/media?parent=2469"}],"wp:term":[{"taxonomy":"product_cat","embeddable":true,"href":"https:\/\/www.l-group.ly\/fr\/wp-json\/wp\/v2\/product_cat?post=2469"},{"taxonomy":"product_tag","embeddable":true,"href":"https:\/\/www.l-group.ly\/fr\/wp-json\/wp\/v2\/product_tag?post=2469"}],"curies":[{"name":"wp","href":"https:\/\/api.w.org\/{rel}","templated":true}]}}