{"id":3853,"date":"2024-08-18T14:42:24","date_gmt":"2024-08-18T14:42:24","guid":{"rendered":"https:\/\/www.l-group.ly\/product\/solar-slave-battery\/"},"modified":"2024-09-11T08:46:09","modified_gmt":"2024-09-11T08:46:09","slug":"solar-slave-battery","status":"publish","type":"product","link":"https:\/\/www.l-group.ly\/fr\/product\/solar-slave-battery\/","title":{"rendered":"Batterie solaire esclave"},"content":{"rendered":"","protected":false},"excerpt":{"rendered":"<p>T-BAT-SYS-HV-5.8<br \/>\nT-BAT H 5.8<br \/>\nDur\u00e9e de vie du cycle > 6000 fois<br \/>\nPas de m\u00e9taux lourds toxiques ni de mati\u00e8res caustiques<\/p>\n","protected":false},"featured_media":3604,"comment_status":"open","ping_status":"closed","template":"","meta":[],"product_cat":[77],"product_tag":[],"class_list":{"0":"post-3853","1":"product","2":"type-product","3":"status-publish","4":"has-post-thumbnail","6":"product_cat-batterie-solaire","8":"first","9":"instock","10":"shipping-taxable","11":"product-type-simple"},"yoast_head":"<!-- This site is optimized with the Yoast SEO plugin v23.4 - https:\/\/yoast.com\/wordpress\/plugins\/seo\/ -->\n<title>Batterie solaire esclave | L-Group<\/title>\n<meta name=\"description\" content=\"T-BAT-SYS-HV-5.8 T-BAT H 5.8 Dur\u00e9e de vie du cycle &gt; 6000 fois Pas de m\u00e9taux lourds toxiques ni de mati\u00e8res caustiques\" \/>\n<meta name=\"robots\" content=\"index, follow, max-snippet:-1, max-image-preview:large, max-video-preview:-1\" \/>\n<link rel=\"canonical\" href=\"https:\/\/www.l-group.ly\/fr\/product\/solar-slave-battery\/\" \/>\n<meta property=\"og:locale\" content=\"fr_FR\" \/>\n<meta property=\"og:type\" content=\"article\" \/>\n<meta property=\"og:title\" content=\"Batterie solaire esclave | L-Group\" \/>\n<meta property=\"og:description\" content=\"T-BAT-SYS-HV-5.8 T-BAT H 5.8 Dur\u00e9e de vie du cycle &gt; 6000 fois Pas de m\u00e9taux lourds toxiques ni de mati\u00e8res caustiques\" \/>\n<meta property=\"og:url\" content=\"https:\/\/www.l-group.ly\/product\/solar-slave-battery\/\" \/>\n<meta property=\"og:site_name\" content=\"L-Group\" \/>\n<meta property=\"article:modified_time\" content=\"2024-09-11T08:46:09+00:00\" \/>\n<meta property=\"og:image\" content=\"https:\/\/www.l-group.ly\/wp-content\/uploads\/2024\/08\/SolaX-TP58-SLAVE-Battery-Triple-Power-5.8kWh-600x600-1.jpg\" \/>\n\t<meta property=\"og:image:width\" content=\"600\" \/>\n\t<meta property=\"og:image:height\" content=\"600\" \/>\n\t<meta property=\"og:image:type\" content=\"image\/jpeg\" \/>\n<meta name=\"twitter:card\" content=\"summary_large_image\" \/>\n<script type=\"application\/ld+json\" class=\"yoast-schema-graph\">{\"@context\":\"https:\/\/schema.org\",\"@graph\":[{\"@type\":\"WebPage\",\"@id\":\"https:\/\/www.l-group.ly\/product\/solar-slave-battery\/\",\"url\":\"https:\/\/www.l-group.ly\/product\/solar-slave-battery\/\",\"name\":\"Batterie solaire esclave | L-Group\",\"isPartOf\":{\"@id\":\"https:\/\/www.l-group.ly\/ar\/#website\"},\"primaryImageOfPage\":{\"@id\":\"https:\/\/www.l-group.ly\/product\/solar-slave-battery\/#primaryimage\"},\"image\":{\"@id\":\"https:\/\/www.l-group.ly\/product\/solar-slave-battery\/#primaryimage\"},\"thumbnailUrl\":\"https:\/\/www.l-group.ly\/wp-content\/uploads\/2024\/08\/SolaX-TP58-SLAVE-Battery-Triple-Power-5.8kWh-600x600-1.jpg\",\"datePublished\":\"2024-08-18T14:42:24+00:00\",\"dateModified\":\"2024-09-11T08:46:09+00:00\",\"description\":\"T-BAT-SYS-HV-5.8 T-BAT H 5.8 Dur\u00e9e de vie du cycle > 6000 fois Pas de m\u00e9taux lourds toxiques ni de mati\u00e8res caustiques\",\"breadcrumb\":{\"@id\":\"https:\/\/www.l-group.ly\/product\/solar-slave-battery\/#breadcrumb\"},\"inLanguage\":\"fr-FR\",\"potentialAction\":[{\"@type\":\"ReadAction\",\"target\":[\"https:\/\/www.l-group.ly\/product\/solar-slave-battery\/\"]}]},{\"@type\":\"ImageObject\",\"inLanguage\":\"fr-FR\",\"@id\":\"https:\/\/www.l-group.ly\/product\/solar-slave-battery\/#primaryimage\",\"url\":\"https:\/\/www.l-group.ly\/wp-content\/uploads\/2024\/08\/SolaX-TP58-SLAVE-Battery-Triple-Power-5.8kWh-600x600-1.jpg\",\"contentUrl\":\"https:\/\/www.l-group.ly\/wp-content\/uploads\/2024\/08\/SolaX-TP58-SLAVE-Battery-Triple-Power-5.8kWh-600x600-1.jpg\",\"width\":600,\"height\":600},{\"@type\":\"BreadcrumbList\",\"@id\":\"https:\/\/www.l-group.ly\/product\/solar-slave-battery\/#breadcrumb\",\"itemListElement\":[{\"@type\":\"ListItem\",\"position\":1,\"name\":\"Home\",\"item\":\"https:\/\/www.l-group.ly\/fr\/\"},{\"@type\":\"ListItem\",\"position\":2,\"name\":\"Products\",\"item\":\"https:\/\/www.l-group.ly\/shop\/\"},{\"@type\":\"ListItem\",\"position\":3,\"name\":\"Batterie solaire esclave\"}]},{\"@type\":\"WebSite\",\"@id\":\"https:\/\/www.l-group.ly\/ar\/#website\",\"url\":\"https:\/\/www.l-group.ly\/ar\/\",\"name\":\"L-Group\",\"description\":\"Renewable Energy\",\"publisher\":{\"@id\":\"https:\/\/www.l-group.ly\/ar\/#organization\"},\"potentialAction\":[{\"@type\":\"SearchAction\",\"target\":{\"@type\":\"EntryPoint\",\"urlTemplate\":\"https:\/\/www.l-group.ly\/ar\/?s={search_term_string}\"},\"query-input\":{\"@type\":\"PropertyValueSpecification\",\"valueRequired\":true,\"valueName\":\"search_term_string\"}}],\"inLanguage\":\"fr-FR\"},{\"@type\":\"Organization\",\"@id\":\"https:\/\/www.l-group.ly\/ar\/#organization\",\"name\":\"L-Group\",\"url\":\"https:\/\/www.l-group.ly\/ar\/\",\"logo\":{\"@type\":\"ImageObject\",\"inLanguage\":\"fr-FR\",\"@id\":\"https:\/\/www.l-group.ly\/ar\/#\/schema\/logo\/image\/\",\"url\":\"https:\/\/www.l-group.ly\/wp-content\/uploads\/2024\/01\/cropped-lighting.png\",\"contentUrl\":\"https:\/\/www.l-group.ly\/wp-content\/uploads\/2024\/01\/cropped-lighting.png\",\"width\":125,\"height\":63,\"caption\":\"L-Group\"},\"image\":{\"@id\":\"https:\/\/www.l-group.ly\/ar\/#\/schema\/logo\/image\/\"}}]}<\/script>\n<!-- \/ Yoast SEO plugin. -->","yoast_head_json":{"title":"Batterie solaire esclave | L-Group","description":"T-BAT-SYS-HV-5.8 T-BAT H 5.8 Dur\u00e9e de vie du cycle > 6000 fois Pas de m\u00e9taux lourds toxiques ni de mati\u00e8res caustiques","robots":{"index":"index","follow":"follow","max-snippet":"max-snippet:-1","max-image-preview":"max-image-preview:large","max-video-preview":"max-video-preview:-1"},"canonical":"https:\/\/www.l-group.ly\/fr\/product\/solar-slave-battery\/","og_locale":"fr_FR","og_type":"article","og_title":"Batterie solaire esclave | L-Group","og_description":"T-BAT-SYS-HV-5.8 T-BAT H 5.8 Dur\u00e9e de vie du cycle > 6000 fois Pas de m\u00e9taux lourds toxiques ni de mati\u00e8res caustiques","og_url":"https:\/\/www.l-group.ly\/product\/solar-slave-battery\/","og_site_name":"L-Group","article_modified_time":"2024-09-11T08:46:09+00:00","og_image":[{"width":600,"height":600,"url":"https:\/\/www.l-group.ly\/wp-content\/uploads\/2024\/08\/SolaX-TP58-SLAVE-Battery-Triple-Power-5.8kWh-600x600-1.jpg","type":"image\/jpeg"}],"twitter_card":"summary_large_image","schema":{"@context":"https:\/\/schema.org","@graph":[{"@type":"WebPage","@id":"https:\/\/www.l-group.ly\/product\/solar-slave-battery\/","url":"https:\/\/www.l-group.ly\/product\/solar-slave-battery\/","name":"Batterie solaire esclave | L-Group","isPartOf":{"@id":"https:\/\/www.l-group.ly\/ar\/#website"},"primaryImageOfPage":{"@id":"https:\/\/www.l-group.ly\/product\/solar-slave-battery\/#primaryimage"},"image":{"@id":"https:\/\/www.l-group.ly\/product\/solar-slave-battery\/#primaryimage"},"thumbnailUrl":"https:\/\/www.l-group.ly\/wp-content\/uploads\/2024\/08\/SolaX-TP58-SLAVE-Battery-Triple-Power-5.8kWh-600x600-1.jpg","datePublished":"2024-08-18T14:42:24+00:00","dateModified":"2024-09-11T08:46:09+00:00","description":"T-BAT-SYS-HV-5.8 T-BAT H 5.8 Dur\u00e9e de vie du cycle > 6000 fois Pas de m\u00e9taux lourds toxiques ni de mati\u00e8res caustiques","breadcrumb":{"@id":"https:\/\/www.l-group.ly\/product\/solar-slave-battery\/#breadcrumb"},"inLanguage":"fr-FR","potentialAction":[{"@type":"ReadAction","target":["https:\/\/www.l-group.ly\/product\/solar-slave-battery\/"]}]},{"@type":"ImageObject","inLanguage":"fr-FR","@id":"https:\/\/www.l-group.ly\/product\/solar-slave-battery\/#primaryimage","url":"https:\/\/www.l-group.ly\/wp-content\/uploads\/2024\/08\/SolaX-TP58-SLAVE-Battery-Triple-Power-5.8kWh-600x600-1.jpg","contentUrl":"https:\/\/www.l-group.ly\/wp-content\/uploads\/2024\/08\/SolaX-TP58-SLAVE-Battery-Triple-Power-5.8kWh-600x600-1.jpg","width":600,"height":600},{"@type":"BreadcrumbList","@id":"https:\/\/www.l-group.ly\/product\/solar-slave-battery\/#breadcrumb","itemListElement":[{"@type":"ListItem","position":1,"name":"Home","item":"https:\/\/www.l-group.ly\/fr\/"},{"@type":"ListItem","position":2,"name":"Products","item":"https:\/\/www.l-group.ly\/shop\/"},{"@type":"ListItem","position":3,"name":"Batterie solaire esclave"}]},{"@type":"WebSite","@id":"https:\/\/www.l-group.ly\/ar\/#website","url":"https:\/\/www.l-group.ly\/ar\/","name":"L-Group","description":"Renewable Energy","publisher":{"@id":"https:\/\/www.l-group.ly\/ar\/#organization"},"potentialAction":[{"@type":"SearchAction","target":{"@type":"EntryPoint","urlTemplate":"https:\/\/www.l-group.ly\/ar\/?s={search_term_string}"},"query-input":{"@type":"PropertyValueSpecification","valueRequired":true,"valueName":"search_term_string"}}],"inLanguage":"fr-FR"},{"@type":"Organization","@id":"https:\/\/www.l-group.ly\/ar\/#organization","name":"L-Group","url":"https:\/\/www.l-group.ly\/ar\/","logo":{"@type":"ImageObject","inLanguage":"fr-FR","@id":"https:\/\/www.l-group.ly\/ar\/#\/schema\/logo\/image\/","url":"https:\/\/www.l-group.ly\/wp-content\/uploads\/2024\/01\/cropped-lighting.png","contentUrl":"https:\/\/www.l-group.ly\/wp-content\/uploads\/2024\/01\/cropped-lighting.png","width":125,"height":63,"caption":"L-Group"},"image":{"@id":"https:\/\/www.l-group.ly\/ar\/#\/schema\/logo\/image\/"}}]}},"_links":{"self":[{"href":"https:\/\/www.l-group.ly\/fr\/wp-json\/wp\/v2\/product\/3853","targetHints":{"allow":["GET"]}}],"collection":[{"href":"https:\/\/www.l-group.ly\/fr\/wp-json\/wp\/v2\/product"}],"about":[{"href":"https:\/\/www.l-group.ly\/fr\/wp-json\/wp\/v2\/types\/product"}],"replies":[{"embeddable":true,"href":"https:\/\/www.l-group.ly\/fr\/wp-json\/wp\/v2\/comments?post=3853"}],"wp:featuredmedia":[{"embeddable":true,"href":"https:\/\/www.l-group.ly\/fr\/wp-json\/wp\/v2\/media\/3604"}],"wp:attachment":[{"href":"https:\/\/www.l-group.ly\/fr\/wp-json\/wp\/v2\/media?parent=3853"}],"wp:term":[{"taxonomy":"product_cat","embeddable":true,"href":"https:\/\/www.l-group.ly\/fr\/wp-json\/wp\/v2\/product_cat?post=3853"},{"taxonomy":"product_tag","embeddable":true,"href":"https:\/\/www.l-group.ly\/fr\/wp-json\/wp\/v2\/product_tag?post=3853"}],"curies":[{"name":"wp","href":"https:\/\/api.w.org\/{rel}","templated":true}]}}