{"id":3854,"date":"2024-09-11T08:04:16","date_gmt":"2024-09-11T08:04:16","guid":{"rendered":"https:\/\/www.l-group.ly\/product\/x3-hybrid-g4\/"},"modified":"2024-09-11T08:46:41","modified_gmt":"2024-09-11T08:46:41","slug":"x3-hybrid-g4","status":"publish","type":"product","link":"https:\/\/www.l-group.ly\/fr\/product\/x3-hybrid-g4\/","title":{"rendered":"X3 HYBRID G4"},"content":{"rendered":"","protected":false},"excerpt":{"rendered":"<p>Onduleur hybride<br \/>\nX3 HYBRID G4 5kW<br \/>\nHaute efficacit\u00e9<br \/>\n200 % PV surdimensionn\u00e9, jusqu&rsquo;\u00e0 110 % CA<br \/>\nen sortie de surcharge<br \/>\nEfficacit\u00e9 sup\u00e9rieure lors de la charge et<br \/>\nde la d\u00e9charge, jusqu&rsquo;\u00e0 97,5 %<br \/>\nFonction de suivi des ombres int\u00e9gr\u00e9e<\/p>\n","protected":false},"featured_media":3822,"comment_status":"open","ping_status":"closed","template":"","meta":[],"product_cat":[79],"product_tag":[],"class_list":{"0":"post-3854","1":"product","2":"type-product","3":"status-publish","4":"has-post-thumbnail","6":"product_cat-onduleurs","8":"first","9":"instock","10":"shipping-taxable","11":"product-type-simple"},"yoast_head":"<!-- This site is optimized with the Yoast SEO plugin v23.4 - https:\/\/yoast.com\/wordpress\/plugins\/seo\/ -->\n<title>X3 HYBRID G4 | L-Group<\/title>\n<meta name=\"description\" content=\"Onduleur hybride X3 HYBRID G4 5kW Haute efficacit\u00e9 200 % PV surdimensionn\u00e9, jusqu&#039;\u00e0 110 % CA en sortie de surcharge Efficacit\u00e9 sup\u00e9rieure lors de la charge et de la d\u00e9charge, jusqu&#039;\u00e0 97,5 % Fonction de suivi des ombres int\u00e9gr\u00e9e\" \/>\n<meta name=\"robots\" content=\"index, follow, max-snippet:-1, max-image-preview:large, max-video-preview:-1\" \/>\n<link rel=\"canonical\" href=\"https:\/\/www.l-group.ly\/fr\/product\/x3-hybrid-g4\/\" \/>\n<meta property=\"og:locale\" content=\"fr_FR\" \/>\n<meta property=\"og:type\" content=\"article\" \/>\n<meta property=\"og:title\" content=\"X3 HYBRID G4 | L-Group\" \/>\n<meta property=\"og:description\" content=\"Onduleur hybride X3 HYBRID G4 5kW Haute efficacit\u00e9 200 % PV surdimensionn\u00e9, jusqu&#039;\u00e0 110 % CA en sortie de surcharge Efficacit\u00e9 sup\u00e9rieure lors de la charge et de la d\u00e9charge, jusqu&#039;\u00e0 97,5 % Fonction de suivi des ombres int\u00e9gr\u00e9e\" \/>\n<meta property=\"og:url\" content=\"https:\/\/www.l-group.ly\/product\/x3-hybrid-g4\/\" \/>\n<meta property=\"og:site_name\" content=\"L-Group\" \/>\n<meta property=\"article:modified_time\" content=\"2024-09-11T08:46:41+00:00\" \/>\n<meta property=\"og:image\" content=\"https:\/\/www.l-group.ly\/wp-content\/uploads\/2024\/09\/4-2-1.png\" \/>\n\t<meta property=\"og:image:width\" content=\"600\" \/>\n\t<meta property=\"og:image:height\" content=\"600\" \/>\n\t<meta property=\"og:image:type\" content=\"image\/png\" \/>\n<meta name=\"twitter:card\" content=\"summary_large_image\" \/>\n<script type=\"application\/ld+json\" class=\"yoast-schema-graph\">{\"@context\":\"https:\/\/schema.org\",\"@graph\":[{\"@type\":\"WebPage\",\"@id\":\"https:\/\/www.l-group.ly\/product\/x3-hybrid-g4\/\",\"url\":\"https:\/\/www.l-group.ly\/product\/x3-hybrid-g4\/\",\"name\":\"X3 HYBRID G4 | L-Group\",\"isPartOf\":{\"@id\":\"https:\/\/www.l-group.ly\/ar\/#website\"},\"primaryImageOfPage\":{\"@id\":\"https:\/\/www.l-group.ly\/product\/x3-hybrid-g4\/#primaryimage\"},\"image\":{\"@id\":\"https:\/\/www.l-group.ly\/product\/x3-hybrid-g4\/#primaryimage\"},\"thumbnailUrl\":\"https:\/\/www.l-group.ly\/wp-content\/uploads\/2024\/09\/4-2-1.png\",\"datePublished\":\"2024-09-11T08:04:16+00:00\",\"dateModified\":\"2024-09-11T08:46:41+00:00\",\"description\":\"Onduleur hybride X3 HYBRID G4 5kW Haute efficacit\u00e9 200 % PV surdimensionn\u00e9, jusqu'\u00e0 110 % CA en sortie de surcharge Efficacit\u00e9 sup\u00e9rieure lors de la charge et de la d\u00e9charge, jusqu'\u00e0 97,5 % Fonction de suivi des ombres int\u00e9gr\u00e9e\",\"breadcrumb\":{\"@id\":\"https:\/\/www.l-group.ly\/product\/x3-hybrid-g4\/#breadcrumb\"},\"inLanguage\":\"fr-FR\",\"potentialAction\":[{\"@type\":\"ReadAction\",\"target\":[\"https:\/\/www.l-group.ly\/product\/x3-hybrid-g4\/\"]}]},{\"@type\":\"ImageObject\",\"inLanguage\":\"fr-FR\",\"@id\":\"https:\/\/www.l-group.ly\/product\/x3-hybrid-g4\/#primaryimage\",\"url\":\"https:\/\/www.l-group.ly\/wp-content\/uploads\/2024\/09\/4-2-1.png\",\"contentUrl\":\"https:\/\/www.l-group.ly\/wp-content\/uploads\/2024\/09\/4-2-1.png\",\"width\":600,\"height\":600},{\"@type\":\"BreadcrumbList\",\"@id\":\"https:\/\/www.l-group.ly\/product\/x3-hybrid-g4\/#breadcrumb\",\"itemListElement\":[{\"@type\":\"ListItem\",\"position\":1,\"name\":\"Home\",\"item\":\"https:\/\/www.l-group.ly\/fr\/\"},{\"@type\":\"ListItem\",\"position\":2,\"name\":\"Products\",\"item\":\"https:\/\/www.l-group.ly\/shop\/\"},{\"@type\":\"ListItem\",\"position\":3,\"name\":\"X3 HYBRID G4\"}]},{\"@type\":\"WebSite\",\"@id\":\"https:\/\/www.l-group.ly\/ar\/#website\",\"url\":\"https:\/\/www.l-group.ly\/ar\/\",\"name\":\"L-Group\",\"description\":\"Renewable Energy\",\"publisher\":{\"@id\":\"https:\/\/www.l-group.ly\/ar\/#organization\"},\"potentialAction\":[{\"@type\":\"SearchAction\",\"target\":{\"@type\":\"EntryPoint\",\"urlTemplate\":\"https:\/\/www.l-group.ly\/ar\/?s={search_term_string}\"},\"query-input\":{\"@type\":\"PropertyValueSpecification\",\"valueRequired\":true,\"valueName\":\"search_term_string\"}}],\"inLanguage\":\"fr-FR\"},{\"@type\":\"Organization\",\"@id\":\"https:\/\/www.l-group.ly\/ar\/#organization\",\"name\":\"L-Group\",\"url\":\"https:\/\/www.l-group.ly\/ar\/\",\"logo\":{\"@type\":\"ImageObject\",\"inLanguage\":\"fr-FR\",\"@id\":\"https:\/\/www.l-group.ly\/ar\/#\/schema\/logo\/image\/\",\"url\":\"https:\/\/www.l-group.ly\/wp-content\/uploads\/2024\/01\/cropped-lighting.png\",\"contentUrl\":\"https:\/\/www.l-group.ly\/wp-content\/uploads\/2024\/01\/cropped-lighting.png\",\"width\":125,\"height\":63,\"caption\":\"L-Group\"},\"image\":{\"@id\":\"https:\/\/www.l-group.ly\/ar\/#\/schema\/logo\/image\/\"}}]}<\/script>\n<!-- \/ Yoast SEO plugin. -->","yoast_head_json":{"title":"X3 HYBRID G4 | L-Group","description":"Onduleur hybride X3 HYBRID G4 5kW Haute efficacit\u00e9 200 % PV surdimensionn\u00e9, jusqu'\u00e0 110 % CA en sortie de surcharge Efficacit\u00e9 sup\u00e9rieure lors de la charge et de la d\u00e9charge, jusqu'\u00e0 97,5 % Fonction de suivi des ombres int\u00e9gr\u00e9e","robots":{"index":"index","follow":"follow","max-snippet":"max-snippet:-1","max-image-preview":"max-image-preview:large","max-video-preview":"max-video-preview:-1"},"canonical":"https:\/\/www.l-group.ly\/fr\/product\/x3-hybrid-g4\/","og_locale":"fr_FR","og_type":"article","og_title":"X3 HYBRID G4 | L-Group","og_description":"Onduleur hybride X3 HYBRID G4 5kW Haute efficacit\u00e9 200 % PV surdimensionn\u00e9, jusqu'\u00e0 110 % CA en sortie de surcharge Efficacit\u00e9 sup\u00e9rieure lors de la charge et de la d\u00e9charge, jusqu'\u00e0 97,5 % Fonction de suivi des ombres int\u00e9gr\u00e9e","og_url":"https:\/\/www.l-group.ly\/product\/x3-hybrid-g4\/","og_site_name":"L-Group","article_modified_time":"2024-09-11T08:46:41+00:00","og_image":[{"width":600,"height":600,"url":"https:\/\/www.l-group.ly\/wp-content\/uploads\/2024\/09\/4-2-1.png","type":"image\/png"}],"twitter_card":"summary_large_image","schema":{"@context":"https:\/\/schema.org","@graph":[{"@type":"WebPage","@id":"https:\/\/www.l-group.ly\/product\/x3-hybrid-g4\/","url":"https:\/\/www.l-group.ly\/product\/x3-hybrid-g4\/","name":"X3 HYBRID G4 | L-Group","isPartOf":{"@id":"https:\/\/www.l-group.ly\/ar\/#website"},"primaryImageOfPage":{"@id":"https:\/\/www.l-group.ly\/product\/x3-hybrid-g4\/#primaryimage"},"image":{"@id":"https:\/\/www.l-group.ly\/product\/x3-hybrid-g4\/#primaryimage"},"thumbnailUrl":"https:\/\/www.l-group.ly\/wp-content\/uploads\/2024\/09\/4-2-1.png","datePublished":"2024-09-11T08:04:16+00:00","dateModified":"2024-09-11T08:46:41+00:00","description":"Onduleur hybride X3 HYBRID G4 5kW Haute efficacit\u00e9 200 % PV surdimensionn\u00e9, jusqu'\u00e0 110 % CA en sortie de surcharge Efficacit\u00e9 sup\u00e9rieure lors de la charge et de la d\u00e9charge, jusqu'\u00e0 97,5 % Fonction de suivi des ombres int\u00e9gr\u00e9e","breadcrumb":{"@id":"https:\/\/www.l-group.ly\/product\/x3-hybrid-g4\/#breadcrumb"},"inLanguage":"fr-FR","potentialAction":[{"@type":"ReadAction","target":["https:\/\/www.l-group.ly\/product\/x3-hybrid-g4\/"]}]},{"@type":"ImageObject","inLanguage":"fr-FR","@id":"https:\/\/www.l-group.ly\/product\/x3-hybrid-g4\/#primaryimage","url":"https:\/\/www.l-group.ly\/wp-content\/uploads\/2024\/09\/4-2-1.png","contentUrl":"https:\/\/www.l-group.ly\/wp-content\/uploads\/2024\/09\/4-2-1.png","width":600,"height":600},{"@type":"BreadcrumbList","@id":"https:\/\/www.l-group.ly\/product\/x3-hybrid-g4\/#breadcrumb","itemListElement":[{"@type":"ListItem","position":1,"name":"Home","item":"https:\/\/www.l-group.ly\/fr\/"},{"@type":"ListItem","position":2,"name":"Products","item":"https:\/\/www.l-group.ly\/shop\/"},{"@type":"ListItem","position":3,"name":"X3 HYBRID G4"}]},{"@type":"WebSite","@id":"https:\/\/www.l-group.ly\/ar\/#website","url":"https:\/\/www.l-group.ly\/ar\/","name":"L-Group","description":"Renewable Energy","publisher":{"@id":"https:\/\/www.l-group.ly\/ar\/#organization"},"potentialAction":[{"@type":"SearchAction","target":{"@type":"EntryPoint","urlTemplate":"https:\/\/www.l-group.ly\/ar\/?s={search_term_string}"},"query-input":{"@type":"PropertyValueSpecification","valueRequired":true,"valueName":"search_term_string"}}],"inLanguage":"fr-FR"},{"@type":"Organization","@id":"https:\/\/www.l-group.ly\/ar\/#organization","name":"L-Group","url":"https:\/\/www.l-group.ly\/ar\/","logo":{"@type":"ImageObject","inLanguage":"fr-FR","@id":"https:\/\/www.l-group.ly\/ar\/#\/schema\/logo\/image\/","url":"https:\/\/www.l-group.ly\/wp-content\/uploads\/2024\/01\/cropped-lighting.png","contentUrl":"https:\/\/www.l-group.ly\/wp-content\/uploads\/2024\/01\/cropped-lighting.png","width":125,"height":63,"caption":"L-Group"},"image":{"@id":"https:\/\/www.l-group.ly\/ar\/#\/schema\/logo\/image\/"}}]}},"_links":{"self":[{"href":"https:\/\/www.l-group.ly\/fr\/wp-json\/wp\/v2\/product\/3854","targetHints":{"allow":["GET"]}}],"collection":[{"href":"https:\/\/www.l-group.ly\/fr\/wp-json\/wp\/v2\/product"}],"about":[{"href":"https:\/\/www.l-group.ly\/fr\/wp-json\/wp\/v2\/types\/product"}],"replies":[{"embeddable":true,"href":"https:\/\/www.l-group.ly\/fr\/wp-json\/wp\/v2\/comments?post=3854"}],"wp:featuredmedia":[{"embeddable":true,"href":"https:\/\/www.l-group.ly\/fr\/wp-json\/wp\/v2\/media\/3822"}],"wp:attachment":[{"href":"https:\/\/www.l-group.ly\/fr\/wp-json\/wp\/v2\/media?parent=3854"}],"wp:term":[{"taxonomy":"product_cat","embeddable":true,"href":"https:\/\/www.l-group.ly\/fr\/wp-json\/wp\/v2\/product_cat?post=3854"},{"taxonomy":"product_tag","embeddable":true,"href":"https:\/\/www.l-group.ly\/fr\/wp-json\/wp\/v2\/product_tag?post=3854"}],"curies":[{"name":"wp","href":"https:\/\/api.w.org\/{rel}","templated":true}]}}